{"id":36033,"date":"2024-02-28T15:04:08","date_gmt":"2024-02-28T14:04:06","guid":{"rendered":"https:\/\/www.dornschild.com\/?post_type=product&#038;p=36033"},"modified":"2025-04-03T16:29:43","modified_gmt":"2025-04-03T14:29:43","slug":"summer-look-blouson-mens-vest-herringbone-ss24-w12-1","status":"publish","type":"product","link":"https:\/\/www.dornschild.com\/en\/shop\/summer-look-blouson-mens-vest-herringbone-ss24-w12-1\/","title":{"rendered":"Men\u00b4s vest SS24 W12-1"},"content":{"rendered":"<p><strong>Combination ideas and style inspirations for men&#8217;s vests:<\/strong><\/p>\n<p>The blouson vest W12-1 with its herringbone pattern in blue and brown tones redefines a casual summer look. Perfect over a light blue cotton T-shirt or shirt and paired with jean shorts, it creates an effortless leisure look. A pair of sneakers in a neutral shade skillfully completes this ensemble.<\/p>\n","protected":false},"excerpt":{"rendered":"<p><strong>Model:<\/strong> Blouson-Style Vest\/Waistcoat crafted from the finest Italian fabric<br \/>\n<strong>Color:<\/strong> Fine herringbone pattern in blue and brown tones with cream white<br \/>\n<strong>Ribbed Hem:<\/strong> Grey<br \/>\n<strong>Lining Color:<\/strong> Medium blue<br \/>\n<strong>Pockets:<\/strong> 3 external pockets, 1 internal pocket<br \/>\n<strong>Fit:<\/strong> Tailored fit &#8211; see the size guide for details<br \/>\n<strong>Outer Fabric:<\/strong> 67% cotton, 30% linen, 30% polyamide<br \/>\n<strong>Hem:<\/strong> 50% wool, 50% acrylic<br \/>\n<strong>Lining:<\/strong> 100% acetate<br \/>\n<strong>Buttons:<\/strong> 6 horn buttons with a gradient finish, matte lasered on the inside<\/p>\n<p>Includes a pocket square made from the lining fabric<\/p>\n<p><strong>Care:<\/strong> Do not wash \/ Do not bleach \/ Not suitable for the dryer \/ Iron at low temperature (1 dot) \/ Dry clean (P)<\/p>\n<p><strong>Model Size:<\/strong> Our model is 6 feet tall, weighs 172 pounds, and wears size 50 (L). He has a normal to athletic build.<\/p>\n","protected":false},"featured_media":36362,"template":"","meta":{"_acf_changed":false},"product_brand":[],"product_cat":[1186,1099,1114,1205],"product_tag":[1201],"class_list":{"0":"post-36033","1":"product","2":"type-product","3":"status-publish","4":"has-post-thumbnail","6":"product_cat-vests","7":"product_cat-previous-collections","8":"product_cat-sale-en","9":"product_cat-spring-summer","10":"product_tag-spring-summer","11":"pa_size-46-90-s-en","12":"pa_size-48-94-m-en","13":"pa_size-50-98-l-en","14":"pa_size-52-102-xl-en","15":"pa_size-54-106-xxl-en","16":"pa_size-56-110-3xl-en","17":"pa_size-58-114-4xl-en","18":"pa_size-60-118-5xl-en","20":"first","21":"instock","22":"sale","23":"taxable","24":"shipping-taxable","25":"purchasable","26":"product-type-variable"},"acf":[],"yoast_head":"<!-- This site is optimized with the Yoast SEO Premium plugin v27.4 (Yoast SEO v27.4) - https:\/\/yoast.com\/product\/yoast-seo-premium-wordpress\/ -->\n<title>Casual Summer Look: DORNSCHILD&#039;s Blouson Men&#039;s Vest<\/title>\n<meta name=\"description\" content=\"Create relaxed summer outfits with this Blouson vest, convincing with its herringbone pattern. \u2713 Italian cotton-linen jersey \u2713 European craftsmanship\" \/>\n<meta name=\"robots\" content=\"index, follow, max-snippet:-1, max-image-preview:large, max-video-preview:-1\" \/>\n<link rel=\"canonical\" href=\"https:\/\/www.dornschild.com\/en\/shop\/summer-look-blouson-mens-vest-herringbone-ss24-w12-1\/\" \/>\n<meta property=\"og:locale\" content=\"en_US\" \/>\n<meta property=\"og:type\" content=\"article\" \/>\n<meta property=\"og:title\" content=\"Men\u00b4s vest SS24 W12-1\" \/>\n<meta property=\"og:description\" content=\"Model: Blouson-Style Vest\/Waistcoat crafted from the finest Italian fabric Color: Fine herringbone pattern in blue and brown tones with cream white Ribbed Hem: Grey Lining Color: Medium blue Pockets: 3 external pockets, 1 internal pocket Fit: Tailored fit - see the size guide for details Outer Fabric: 67% cotton, 30% linen, 30% polyamide Hem: 50% wool, 50% acrylic Lining: 100% acetate Buttons: 6 horn buttons with a gradient finish, matte lasered on the inside  Includes a pocket square made from the lining fabric  Care: Do not wash \/ Do not bleach \/ Not suitable for the dryer \/ Iron at low temperature (1 dot) \/ Dry clean (P)  Model Size: Our model is 6 feet tall, weighs 172 pounds, and wears size 50 (L). He has a normal to athletic build.\" \/>\n<meta property=\"og:url\" content=\"https:\/\/www.dornschild.com\/en\/shop\/summer-look-blouson-mens-vest-herringbone-ss24-w12-1\/\" \/>\n<meta property=\"og:site_name\" content=\"Dornschild - Unique premium men&#039;s vests\" \/>\n<meta property=\"article:publisher\" content=\"https:\/\/www.facebook.com\/Dornschild\" \/>\n<meta property=\"article:modified_time\" content=\"2025-04-03T14:29:43+00:00\" \/>\n<meta property=\"og:image\" content=\"https:\/\/www.dornschild.com\/wp-content\/uploads\/2024\/02\/Dornschild-Blouson-Herren-Weste-Waistcoat-Vest-sportlich-modern-grau-blau-FS24-W12-1-F.jpg\" \/>\n\t<meta property=\"og:image:width\" content=\"1370\" \/>\n\t<meta property=\"og:image:height\" content=\"1946\" \/>\n\t<meta property=\"og:image:type\" content=\"image\/jpeg\" \/>\n<meta name=\"twitter:card\" content=\"summary_large_image\" \/>\n<meta name=\"twitter:label1\" content=\"Est. reading time\" \/>\n\t<meta name=\"twitter:data1\" content=\"1 minute\" \/>\n<script type=\"application\/ld+json\" class=\"yoast-schema-graph\">{\"@context\":\"https:\\\/\\\/schema.org\",\"@graph\":[{\"@type\":[\"WebPage\",\"ItemPage\"],\"@id\":\"https:\\\/\\\/www.dornschild.com\\\/en\\\/shop\\\/summer-look-blouson-mens-vest-herringbone-ss24-w12-1\\\/\",\"url\":\"https:\\\/\\\/www.dornschild.com\\\/en\\\/shop\\\/summer-look-blouson-mens-vest-herringbone-ss24-w12-1\\\/\",\"name\":\"Casual Summer Look: DORNSCHILD's Blouson Men's Vest\",\"isPartOf\":{\"@id\":\"https:\\\/\\\/www.dornschild.com\\\/en\\\/#website\"},\"primaryImageOfPage\":{\"@id\":\"https:\\\/\\\/www.dornschild.com\\\/en\\\/shop\\\/summer-look-blouson-mens-vest-herringbone-ss24-w12-1\\\/#primaryimage\"},\"image\":{\"@id\":\"https:\\\/\\\/www.dornschild.com\\\/en\\\/shop\\\/summer-look-blouson-mens-vest-herringbone-ss24-w12-1\\\/#primaryimage\"},\"thumbnailUrl\":\"https:\\\/\\\/www.dornschild.com\\\/wp-content\\\/uploads\\\/2024\\\/02\\\/Dornschild-Blouson-Herren-Weste-Waistcoat-Vest-sportlich-modern-grau-blau-FS24-W12-1-F.jpg\",\"datePublished\":\"2024-02-28T14:04:06+00:00\",\"dateModified\":\"2025-04-03T14:29:43+00:00\",\"description\":\"Create relaxed summer outfits with this Blouson vest, convincing with its herringbone pattern. \u2713 Italian cotton-linen jersey \u2713 European craftsmanship\",\"breadcrumb\":{\"@id\":\"https:\\\/\\\/www.dornschild.com\\\/en\\\/shop\\\/summer-look-blouson-mens-vest-herringbone-ss24-w12-1\\\/#breadcrumb\"},\"inLanguage\":\"en-US\",\"potentialAction\":[{\"@type\":\"ReadAction\",\"target\":[\"https:\\\/\\\/www.dornschild.com\\\/en\\\/shop\\\/summer-look-blouson-mens-vest-herringbone-ss24-w12-1\\\/\"]}]},{\"@type\":\"ImageObject\",\"inLanguage\":\"en-US\",\"@id\":\"https:\\\/\\\/www.dornschild.com\\\/en\\\/shop\\\/summer-look-blouson-mens-vest-herringbone-ss24-w12-1\\\/#primaryimage\",\"url\":\"https:\\\/\\\/www.dornschild.com\\\/wp-content\\\/uploads\\\/2024\\\/02\\\/Dornschild-Blouson-Herren-Weste-Waistcoat-Vest-sportlich-modern-grau-blau-FS24-W12-1-F.jpg\",\"contentUrl\":\"https:\\\/\\\/www.dornschild.com\\\/wp-content\\\/uploads\\\/2024\\\/02\\\/Dornschild-Blouson-Herren-Weste-Waistcoat-Vest-sportlich-modern-grau-blau-FS24-W12-1-F.jpg\",\"width\":1370,\"height\":1946,\"caption\":\"L\u00e4ssige und modische Blouson Herren Weste aus feinstem Baumwolle-Leinen Jersey mit Fischgr\u00e4tmuster in Blau- und Braunt\u00f6nen mit Cremewei\u00df von DORNSCHILD.\"},{\"@type\":\"BreadcrumbList\",\"@id\":\"https:\\\/\\\/www.dornschild.com\\\/en\\\/shop\\\/summer-look-blouson-mens-vest-herringbone-ss24-w12-1\\\/#breadcrumb\",\"itemListElement\":[{\"@type\":\"ListItem\",\"position\":1,\"name\":\"Startseite\",\"item\":\"https:\\\/\\\/www.dornschild.com\\\/en\\\/\"},{\"@type\":\"ListItem\",\"position\":2,\"name\":\"Dornschild Online Shop\",\"item\":\"https:\\\/\\\/www.dornschild.com\\\/en\\\/shop\\\/\"},{\"@type\":\"ListItem\",\"position\":3,\"name\":\"Men\u00b4s vest SS24 W12-1\"}]},{\"@type\":\"WebSite\",\"@id\":\"https:\\\/\\\/www.dornschild.com\\\/en\\\/#website\",\"url\":\"https:\\\/\\\/www.dornschild.com\\\/en\\\/\",\"name\":\"Dornschild - Unique premium men&#039;s vests\",\"description\":\"Premium Herrenwesten | Handgefertigt in Europa\",\"publisher\":{\"@id\":\"https:\\\/\\\/www.dornschild.com\\\/en\\\/#organization\"},\"potentialAction\":[{\"@type\":\"SearchAction\",\"target\":{\"@type\":\"EntryPoint\",\"urlTemplate\":\"https:\\\/\\\/www.dornschild.com\\\/en\\\/?s={search_term_string}\"},\"query-input\":{\"@type\":\"PropertyValueSpecification\",\"valueRequired\":true,\"valueName\":\"search_term_string\"}}],\"inLanguage\":\"en-US\"},{\"@type\":\"Organization\",\"@id\":\"https:\\\/\\\/www.dornschild.com\\\/en\\\/#organization\",\"name\":\"DORNSCHILD\",\"url\":\"https:\\\/\\\/www.dornschild.com\\\/en\\\/\",\"logo\":{\"@type\":\"ImageObject\",\"inLanguage\":\"en-US\",\"@id\":\"https:\\\/\\\/www.dornschild.com\\\/en\\\/#\\\/schema\\\/logo\\\/image\\\/\",\"url\":\"https:\\\/\\\/www.dornschild.com\\\/wp-content\\\/uploads\\\/2024\\\/10\\\/Dornschild-Logo.png\",\"contentUrl\":\"https:\\\/\\\/www.dornschild.com\\\/wp-content\\\/uploads\\\/2024\\\/10\\\/Dornschild-Logo.png\",\"width\":1000,\"height\":1000,\"caption\":\"DORNSCHILD\"},\"image\":{\"@id\":\"https:\\\/\\\/www.dornschild.com\\\/en\\\/#\\\/schema\\\/logo\\\/image\\\/\"},\"sameAs\":[\"https:\\\/\\\/www.facebook.com\\\/Dornschild\",\"https:\\\/\\\/www.instagram.com\\\/dornschild\\\/\",\"https:\\\/\\\/www.pinterest.de\\\/dornschild\\\/\"]}]}<\/script>\n<!-- \/ Yoast SEO Premium plugin. -->","yoast_head_json":{"title":"Casual Summer Look: DORNSCHILD's Blouson Men's Vest","description":"Create relaxed summer outfits with this Blouson vest, convincing with its herringbone pattern. \u2713 Italian cotton-linen jersey \u2713 European craftsmanship","robots":{"index":"index","follow":"follow","max-snippet":"max-snippet:-1","max-image-preview":"max-image-preview:large","max-video-preview":"max-video-preview:-1"},"canonical":"https:\/\/www.dornschild.com\/en\/shop\/summer-look-blouson-mens-vest-herringbone-ss24-w12-1\/","og_locale":"en_US","og_type":"article","og_title":"Men\u00b4s vest SS24 W12-1","og_description":"Model: Blouson-Style Vest\/Waistcoat crafted from the finest Italian fabric Color: Fine herringbone pattern in blue and brown tones with cream white Ribbed Hem: Grey Lining Color: Medium blue Pockets: 3 external pockets, 1 internal pocket Fit: Tailored fit - see the size guide for details Outer Fabric: 67% cotton, 30% linen, 30% polyamide Hem: 50% wool, 50% acrylic Lining: 100% acetate Buttons: 6 horn buttons with a gradient finish, matte lasered on the inside  Includes a pocket square made from the lining fabric  Care: Do not wash \/ Do not bleach \/ Not suitable for the dryer \/ Iron at low temperature (1 dot) \/ Dry clean (P)  Model Size: Our model is 6 feet tall, weighs 172 pounds, and wears size 50 (L). He has a normal to athletic build.","og_url":"https:\/\/www.dornschild.com\/en\/shop\/summer-look-blouson-mens-vest-herringbone-ss24-w12-1\/","og_site_name":"Dornschild - Unique premium men&#039;s vests","article_publisher":"https:\/\/www.facebook.com\/Dornschild","article_modified_time":"2025-04-03T14:29:43+00:00","og_image":[{"width":1370,"height":1946,"url":"https:\/\/www.dornschild.com\/wp-content\/uploads\/2024\/02\/Dornschild-Blouson-Herren-Weste-Waistcoat-Vest-sportlich-modern-grau-blau-FS24-W12-1-F.jpg","type":"image\/jpeg"}],"twitter_card":"summary_large_image","twitter_misc":{"Est. reading time":"1 minute"},"schema":{"@context":"https:\/\/schema.org","@graph":[{"@type":["WebPage","ItemPage"],"@id":"https:\/\/www.dornschild.com\/en\/shop\/summer-look-blouson-mens-vest-herringbone-ss24-w12-1\/","url":"https:\/\/www.dornschild.com\/en\/shop\/summer-look-blouson-mens-vest-herringbone-ss24-w12-1\/","name":"Casual Summer Look: DORNSCHILD's Blouson Men's Vest","isPartOf":{"@id":"https:\/\/www.dornschild.com\/en\/#website"},"primaryImageOfPage":{"@id":"https:\/\/www.dornschild.com\/en\/shop\/summer-look-blouson-mens-vest-herringbone-ss24-w12-1\/#primaryimage"},"image":{"@id":"https:\/\/www.dornschild.com\/en\/shop\/summer-look-blouson-mens-vest-herringbone-ss24-w12-1\/#primaryimage"},"thumbnailUrl":"https:\/\/www.dornschild.com\/wp-content\/uploads\/2024\/02\/Dornschild-Blouson-Herren-Weste-Waistcoat-Vest-sportlich-modern-grau-blau-FS24-W12-1-F.jpg","datePublished":"2024-02-28T14:04:06+00:00","dateModified":"2025-04-03T14:29:43+00:00","description":"Create relaxed summer outfits with this Blouson vest, convincing with its herringbone pattern. \u2713 Italian cotton-linen jersey \u2713 European craftsmanship","breadcrumb":{"@id":"https:\/\/www.dornschild.com\/en\/shop\/summer-look-blouson-mens-vest-herringbone-ss24-w12-1\/#breadcrumb"},"inLanguage":"en-US","potentialAction":[{"@type":"ReadAction","target":["https:\/\/www.dornschild.com\/en\/shop\/summer-look-blouson-mens-vest-herringbone-ss24-w12-1\/"]}]},{"@type":"ImageObject","inLanguage":"en-US","@id":"https:\/\/www.dornschild.com\/en\/shop\/summer-look-blouson-mens-vest-herringbone-ss24-w12-1\/#primaryimage","url":"https:\/\/www.dornschild.com\/wp-content\/uploads\/2024\/02\/Dornschild-Blouson-Herren-Weste-Waistcoat-Vest-sportlich-modern-grau-blau-FS24-W12-1-F.jpg","contentUrl":"https:\/\/www.dornschild.com\/wp-content\/uploads\/2024\/02\/Dornschild-Blouson-Herren-Weste-Waistcoat-Vest-sportlich-modern-grau-blau-FS24-W12-1-F.jpg","width":1370,"height":1946,"caption":"L\u00e4ssige und modische Blouson Herren Weste aus feinstem Baumwolle-Leinen Jersey mit Fischgr\u00e4tmuster in Blau- und Braunt\u00f6nen mit Cremewei\u00df von DORNSCHILD."},{"@type":"BreadcrumbList","@id":"https:\/\/www.dornschild.com\/en\/shop\/summer-look-blouson-mens-vest-herringbone-ss24-w12-1\/#breadcrumb","itemListElement":[{"@type":"ListItem","position":1,"name":"Startseite","item":"https:\/\/www.dornschild.com\/en\/"},{"@type":"ListItem","position":2,"name":"Dornschild Online Shop","item":"https:\/\/www.dornschild.com\/en\/shop\/"},{"@type":"ListItem","position":3,"name":"Men\u00b4s vest SS24 W12-1"}]},{"@type":"WebSite","@id":"https:\/\/www.dornschild.com\/en\/#website","url":"https:\/\/www.dornschild.com\/en\/","name":"Dornschild - Unique premium men&#039;s vests","description":"Premium Herrenwesten | Handgefertigt in Europa","publisher":{"@id":"https:\/\/www.dornschild.com\/en\/#organization"},"potentialAction":[{"@type":"SearchAction","target":{"@type":"EntryPoint","urlTemplate":"https:\/\/www.dornschild.com\/en\/?s={search_term_string}"},"query-input":{"@type":"PropertyValueSpecification","valueRequired":true,"valueName":"search_term_string"}}],"inLanguage":"en-US"},{"@type":"Organization","@id":"https:\/\/www.dornschild.com\/en\/#organization","name":"DORNSCHILD","url":"https:\/\/www.dornschild.com\/en\/","logo":{"@type":"ImageObject","inLanguage":"en-US","@id":"https:\/\/www.dornschild.com\/en\/#\/schema\/logo\/image\/","url":"https:\/\/www.dornschild.com\/wp-content\/uploads\/2024\/10\/Dornschild-Logo.png","contentUrl":"https:\/\/www.dornschild.com\/wp-content\/uploads\/2024\/10\/Dornschild-Logo.png","width":1000,"height":1000,"caption":"DORNSCHILD"},"image":{"@id":"https:\/\/www.dornschild.com\/en\/#\/schema\/logo\/image\/"},"sameAs":["https:\/\/www.facebook.com\/Dornschild","https:\/\/www.instagram.com\/dornschild\/","https:\/\/www.pinterest.de\/dornschild\/"]}]}},"_links":{"self":[{"href":"https:\/\/www.dornschild.com\/en\/wp-json\/wp\/v2\/product\/36033","targetHints":{"allow":["GET"]}}],"collection":[{"href":"https:\/\/www.dornschild.com\/en\/wp-json\/wp\/v2\/product"}],"about":[{"href":"https:\/\/www.dornschild.com\/en\/wp-json\/wp\/v2\/types\/product"}],"wp:featuredmedia":[{"embeddable":true,"href":"https:\/\/www.dornschild.com\/en\/wp-json\/wp\/v2\/media\/36362"}],"wp:attachment":[{"href":"https:\/\/www.dornschild.com\/en\/wp-json\/wp\/v2\/media?parent=36033"}],"wp:term":[{"taxonomy":"product_brand","embeddable":true,"href":"https:\/\/www.dornschild.com\/en\/wp-json\/wp\/v2\/product_brand?post=36033"},{"taxonomy":"product_cat","embeddable":true,"href":"https:\/\/www.dornschild.com\/en\/wp-json\/wp\/v2\/product_cat?post=36033"},{"taxonomy":"product_tag","embeddable":true,"href":"https:\/\/www.dornschild.com\/en\/wp-json\/wp\/v2\/product_tag?post=36033"}],"curies":[{"name":"wp","href":"https:\/\/api.w.org\/{rel}","templated":true}]}}