{"id":35878,"date":"2024-02-28T12:02:26","date_gmt":"2024-02-28T11:02:24","guid":{"rendered":"https:\/\/www.dornschild.com\/?post_type=product&#038;p=35878"},"modified":"2025-01-29T23:06:36","modified_gmt":"2025-01-29T22:06:36","slug":"business-casual-mens-vest-waistcoat-brown-tones-ss24-w2-4","status":"publish","type":"product","link":"https:\/\/www.dornschild.com\/en\/shop\/business-casual-mens-vest-waistcoat-brown-tones-ss24-w2-4\/","title":{"rendered":"Men\u00b4s vest SS24 W2-4"},"content":{"rendered":"<p><em><strong>Combination ideas and style inspirations for men&#8217;s vests:<\/strong><\/em><\/p>\n<p>The men&#8217;s vest W2-4 in shades of brown with off-white and a delicate structure proves to be suitable for both the office and after-work events. Wear it over a cream-colored linen shirt or T-shirt and combine it with brown linen pants for a monochromatic look. Brown leather loafers amplify the distinguished aura. For cooler days or an urban look, match it with dark jeans and sneakers.<\/p>\n","protected":false},"excerpt":{"rendered":"<p><strong>Model:<\/strong> Men&#8217;s Vest\/Waistcoat with lapels crafted from the finest Italian fabric<br \/>\n<strong>Color:<\/strong> Finely structured pattern in shades of brown and cream white<br \/>\n<strong>Lining Color:<\/strong> Medium brown<br \/>\n<strong>Pockets:<\/strong> 3 external pockets, 1 internal pocket<br \/>\n<strong>Fit:<\/strong> Tailored fit &#8211; see the size guide for details<br \/>\n<strong>Outer Fabric:<\/strong> 52% cotton, 33% polyamide, 15% linen<br \/>\n<strong>Lining:<\/strong> 100% acetate<br \/>\n<strong>Buttons:<\/strong> 5 horn buttons with a gradient finish, glossy<br \/>\n<strong>Adjustability:<\/strong> 2 side adjustable metal buckles<\/p>\n<p>Includes a pocket square made from the lining fabric<\/p>\n<p><strong>Care:<\/strong> Do not wash \/ Do not bleach \/ Not suitable for the dryer \/ Iron at low temperature (1 dot) \/ Dry clean (P)<\/p>\n","protected":false},"featured_media":36330,"template":"","meta":{"_acf_changed":false},"product_brand":[],"product_cat":[1186,1099,1114,1205],"product_tag":[1201],"class_list":{"0":"post-35878","1":"product","2":"type-product","3":"status-publish","4":"has-post-thumbnail","6":"product_cat-vests","7":"product_cat-previous-collections","8":"product_cat-sale-en","9":"product_cat-spring-summer","10":"product_tag-spring-summer","11":"pa_size-46-90-s-en","12":"pa_size-48-94-m-en","13":"pa_size-50-98-l-en","14":"pa_size-52-102-xl-en","15":"pa_size-54-106-xxl-en","16":"pa_size-56-110-3xl-en","17":"pa_size-58-114-4xl-en","18":"pa_size-60-118-5xl-en","20":"first","21":"instock","22":"sale","23":"taxable","24":"shipping-taxable","25":"purchasable","26":"product-type-variable"},"acf":[],"yoast_head":"<!-- This site is optimized with the Yoast SEO Premium plugin v27.4 (Yoast SEO v27.4) - https:\/\/yoast.com\/product\/yoast-seo-premium-wordpress\/ -->\n<title>Summer Trendsetter: DORNSCHILD&#039;s Brown Men&#039;s Vest with Lapels!<\/title>\n<meta name=\"description\" content=\"Your summer essential: A lightweight men&#039;s vest in brown shades, perfect for any occasion. \u2713 Italian fabric \u2713 Versatile pairing \u2713 European craftsmanship\" \/>\n<meta name=\"robots\" content=\"index, follow, max-snippet:-1, max-image-preview:large, max-video-preview:-1\" \/>\n<link rel=\"canonical\" href=\"https:\/\/www.dornschild.com\/en\/shop\/business-casual-mens-vest-waistcoat-brown-tones-ss24-w2-4\/\" \/>\n<meta property=\"og:locale\" content=\"en_US\" \/>\n<meta property=\"og:type\" content=\"article\" \/>\n<meta property=\"og:title\" content=\"Men\u00b4s vest SS24 W2-4\" \/>\n<meta property=\"og:description\" content=\"Model: Men&#039;s Vest\/Waistcoat with lapels crafted from the finest Italian fabric Color: Finely structured pattern in shades of brown and cream white Lining Color: Medium brown Pockets: 3 external pockets, 1 internal pocket Fit: Tailored fit - see the size guide for details Outer Fabric: 52% cotton, 33% polyamide, 15% linen Lining: 100% acetate Buttons: 5 horn buttons with a gradient finish, glossy Adjustability: 2 side adjustable metal buckles  Includes a pocket square made from the lining fabric  Care: Do not wash \/ Do not bleach \/ Not suitable for the dryer \/ Iron at low temperature (1 dot) \/ Dry clean (P)\" \/>\n<meta property=\"og:url\" content=\"https:\/\/www.dornschild.com\/en\/shop\/business-casual-mens-vest-waistcoat-brown-tones-ss24-w2-4\/\" \/>\n<meta property=\"og:site_name\" content=\"Dornschild - Unique premium men&#039;s vests\" \/>\n<meta property=\"article:publisher\" content=\"https:\/\/www.facebook.com\/Dornschild\" \/>\n<meta property=\"article:modified_time\" content=\"2025-01-29T22:06:36+00:00\" \/>\n<meta property=\"og:image\" content=\"https:\/\/www.dornschild.com\/wp-content\/uploads\/2024\/02\/Dornschild-Herren-Weste-Kragen-Gilet-Waistcoat-modisch-schick-braun-FS24-W2-4-F.jpg\" \/>\n\t<meta property=\"og:image:width\" content=\"1370\" \/>\n\t<meta property=\"og:image:height\" content=\"1946\" \/>\n\t<meta property=\"og:image:type\" content=\"image\/jpeg\" \/>\n<meta name=\"twitter:card\" content=\"summary_large_image\" \/>\n<meta name=\"twitter:label1\" content=\"Est. reading time\" \/>\n\t<meta name=\"twitter:data1\" content=\"1 minute\" \/>\n<script type=\"application\/ld+json\" class=\"yoast-schema-graph\">{\"@context\":\"https:\\\/\\\/schema.org\",\"@graph\":[{\"@type\":[\"WebPage\",\"ItemPage\"],\"@id\":\"https:\\\/\\\/www.dornschild.com\\\/en\\\/shop\\\/business-casual-mens-vest-waistcoat-brown-tones-ss24-w2-4\\\/\",\"url\":\"https:\\\/\\\/www.dornschild.com\\\/en\\\/shop\\\/business-casual-mens-vest-waistcoat-brown-tones-ss24-w2-4\\\/\",\"name\":\"Summer Trendsetter: DORNSCHILD's Brown Men's Vest with Lapels!\",\"isPartOf\":{\"@id\":\"https:\\\/\\\/www.dornschild.com\\\/en\\\/#website\"},\"primaryImageOfPage\":{\"@id\":\"https:\\\/\\\/www.dornschild.com\\\/en\\\/shop\\\/business-casual-mens-vest-waistcoat-brown-tones-ss24-w2-4\\\/#primaryimage\"},\"image\":{\"@id\":\"https:\\\/\\\/www.dornschild.com\\\/en\\\/shop\\\/business-casual-mens-vest-waistcoat-brown-tones-ss24-w2-4\\\/#primaryimage\"},\"thumbnailUrl\":\"https:\\\/\\\/www.dornschild.com\\\/wp-content\\\/uploads\\\/2024\\\/02\\\/Dornschild-Herren-Weste-Kragen-Gilet-Waistcoat-modisch-schick-braun-FS24-W2-4-F.jpg\",\"datePublished\":\"2024-02-28T11:02:24+00:00\",\"dateModified\":\"2025-01-29T22:06:36+00:00\",\"description\":\"Your summer essential: A lightweight men's vest in brown shades, perfect for any occasion. \u2713 Italian fabric \u2713 Versatile pairing \u2713 European craftsmanship\",\"breadcrumb\":{\"@id\":\"https:\\\/\\\/www.dornschild.com\\\/en\\\/shop\\\/business-casual-mens-vest-waistcoat-brown-tones-ss24-w2-4\\\/#breadcrumb\"},\"inLanguage\":\"en-US\",\"potentialAction\":[{\"@type\":\"ReadAction\",\"target\":[\"https:\\\/\\\/www.dornschild.com\\\/en\\\/shop\\\/business-casual-mens-vest-waistcoat-brown-tones-ss24-w2-4\\\/\"]}]},{\"@type\":\"ImageObject\",\"inLanguage\":\"en-US\",\"@id\":\"https:\\\/\\\/www.dornschild.com\\\/en\\\/shop\\\/business-casual-mens-vest-waistcoat-brown-tones-ss24-w2-4\\\/#primaryimage\",\"url\":\"https:\\\/\\\/www.dornschild.com\\\/wp-content\\\/uploads\\\/2024\\\/02\\\/Dornschild-Herren-Weste-Kragen-Gilet-Waistcoat-modisch-schick-braun-FS24-W2-4-F.jpg\",\"contentUrl\":\"https:\\\/\\\/www.dornschild.com\\\/wp-content\\\/uploads\\\/2024\\\/02\\\/Dornschild-Herren-Weste-Kragen-Gilet-Waistcoat-modisch-schick-braun-FS24-W2-4-F.jpg\",\"width\":1370,\"height\":1946,\"caption\":\"Moderne, leichte und l\u00e4ssige Herrenweste \\\/ Gilet mit Kragen mit fein strukturiertem Muster in Braunt\u00f6nen und Cremewei\u00df von DORNSCHILD f\u00fcr ein stilvollem Sommer Look.\"},{\"@type\":\"BreadcrumbList\",\"@id\":\"https:\\\/\\\/www.dornschild.com\\\/en\\\/shop\\\/business-casual-mens-vest-waistcoat-brown-tones-ss24-w2-4\\\/#breadcrumb\",\"itemListElement\":[{\"@type\":\"ListItem\",\"position\":1,\"name\":\"Startseite\",\"item\":\"https:\\\/\\\/www.dornschild.com\\\/en\\\/\"},{\"@type\":\"ListItem\",\"position\":2,\"name\":\"Dornschild Online Shop\",\"item\":\"https:\\\/\\\/www.dornschild.com\\\/en\\\/shop\\\/\"},{\"@type\":\"ListItem\",\"position\":3,\"name\":\"Men\u00b4s vest SS24 W2-4\"}]},{\"@type\":\"WebSite\",\"@id\":\"https:\\\/\\\/www.dornschild.com\\\/en\\\/#website\",\"url\":\"https:\\\/\\\/www.dornschild.com\\\/en\\\/\",\"name\":\"Dornschild - Unique premium men&#039;s vests\",\"description\":\"Premium Herrenwesten | Handgefertigt in Europa\",\"publisher\":{\"@id\":\"https:\\\/\\\/www.dornschild.com\\\/en\\\/#organization\"},\"potentialAction\":[{\"@type\":\"SearchAction\",\"target\":{\"@type\":\"EntryPoint\",\"urlTemplate\":\"https:\\\/\\\/www.dornschild.com\\\/en\\\/?s={search_term_string}\"},\"query-input\":{\"@type\":\"PropertyValueSpecification\",\"valueRequired\":true,\"valueName\":\"search_term_string\"}}],\"inLanguage\":\"en-US\"},{\"@type\":\"Organization\",\"@id\":\"https:\\\/\\\/www.dornschild.com\\\/en\\\/#organization\",\"name\":\"DORNSCHILD\",\"url\":\"https:\\\/\\\/www.dornschild.com\\\/en\\\/\",\"logo\":{\"@type\":\"ImageObject\",\"inLanguage\":\"en-US\",\"@id\":\"https:\\\/\\\/www.dornschild.com\\\/en\\\/#\\\/schema\\\/logo\\\/image\\\/\",\"url\":\"https:\\\/\\\/www.dornschild.com\\\/wp-content\\\/uploads\\\/2024\\\/10\\\/Dornschild-Logo.png\",\"contentUrl\":\"https:\\\/\\\/www.dornschild.com\\\/wp-content\\\/uploads\\\/2024\\\/10\\\/Dornschild-Logo.png\",\"width\":1000,\"height\":1000,\"caption\":\"DORNSCHILD\"},\"image\":{\"@id\":\"https:\\\/\\\/www.dornschild.com\\\/en\\\/#\\\/schema\\\/logo\\\/image\\\/\"},\"sameAs\":[\"https:\\\/\\\/www.facebook.com\\\/Dornschild\",\"https:\\\/\\\/www.instagram.com\\\/dornschild\\\/\",\"https:\\\/\\\/www.pinterest.de\\\/dornschild\\\/\"]}]}<\/script>\n<!-- \/ Yoast SEO Premium plugin. -->","yoast_head_json":{"title":"Summer Trendsetter: DORNSCHILD's Brown Men's Vest with Lapels!","description":"Your summer essential: A lightweight men's vest in brown shades, perfect for any occasion. \u2713 Italian fabric \u2713 Versatile pairing \u2713 European craftsmanship","robots":{"index":"index","follow":"follow","max-snippet":"max-snippet:-1","max-image-preview":"max-image-preview:large","max-video-preview":"max-video-preview:-1"},"canonical":"https:\/\/www.dornschild.com\/en\/shop\/business-casual-mens-vest-waistcoat-brown-tones-ss24-w2-4\/","og_locale":"en_US","og_type":"article","og_title":"Men\u00b4s vest SS24 W2-4","og_description":"Model: Men's Vest\/Waistcoat with lapels crafted from the finest Italian fabric Color: Finely structured pattern in shades of brown and cream white Lining Color: Medium brown Pockets: 3 external pockets, 1 internal pocket Fit: Tailored fit - see the size guide for details Outer Fabric: 52% cotton, 33% polyamide, 15% linen Lining: 100% acetate Buttons: 5 horn buttons with a gradient finish, glossy Adjustability: 2 side adjustable metal buckles  Includes a pocket square made from the lining fabric  Care: Do not wash \/ Do not bleach \/ Not suitable for the dryer \/ Iron at low temperature (1 dot) \/ Dry clean (P)","og_url":"https:\/\/www.dornschild.com\/en\/shop\/business-casual-mens-vest-waistcoat-brown-tones-ss24-w2-4\/","og_site_name":"Dornschild - Unique premium men&#039;s vests","article_publisher":"https:\/\/www.facebook.com\/Dornschild","article_modified_time":"2025-01-29T22:06:36+00:00","og_image":[{"width":1370,"height":1946,"url":"https:\/\/www.dornschild.com\/wp-content\/uploads\/2024\/02\/Dornschild-Herren-Weste-Kragen-Gilet-Waistcoat-modisch-schick-braun-FS24-W2-4-F.jpg","type":"image\/jpeg"}],"twitter_card":"summary_large_image","twitter_misc":{"Est. reading time":"1 minute"},"schema":{"@context":"https:\/\/schema.org","@graph":[{"@type":["WebPage","ItemPage"],"@id":"https:\/\/www.dornschild.com\/en\/shop\/business-casual-mens-vest-waistcoat-brown-tones-ss24-w2-4\/","url":"https:\/\/www.dornschild.com\/en\/shop\/business-casual-mens-vest-waistcoat-brown-tones-ss24-w2-4\/","name":"Summer Trendsetter: DORNSCHILD's Brown Men's Vest with Lapels!","isPartOf":{"@id":"https:\/\/www.dornschild.com\/en\/#website"},"primaryImageOfPage":{"@id":"https:\/\/www.dornschild.com\/en\/shop\/business-casual-mens-vest-waistcoat-brown-tones-ss24-w2-4\/#primaryimage"},"image":{"@id":"https:\/\/www.dornschild.com\/en\/shop\/business-casual-mens-vest-waistcoat-brown-tones-ss24-w2-4\/#primaryimage"},"thumbnailUrl":"https:\/\/www.dornschild.com\/wp-content\/uploads\/2024\/02\/Dornschild-Herren-Weste-Kragen-Gilet-Waistcoat-modisch-schick-braun-FS24-W2-4-F.jpg","datePublished":"2024-02-28T11:02:24+00:00","dateModified":"2025-01-29T22:06:36+00:00","description":"Your summer essential: A lightweight men's vest in brown shades, perfect for any occasion. \u2713 Italian fabric \u2713 Versatile pairing \u2713 European craftsmanship","breadcrumb":{"@id":"https:\/\/www.dornschild.com\/en\/shop\/business-casual-mens-vest-waistcoat-brown-tones-ss24-w2-4\/#breadcrumb"},"inLanguage":"en-US","potentialAction":[{"@type":"ReadAction","target":["https:\/\/www.dornschild.com\/en\/shop\/business-casual-mens-vest-waistcoat-brown-tones-ss24-w2-4\/"]}]},{"@type":"ImageObject","inLanguage":"en-US","@id":"https:\/\/www.dornschild.com\/en\/shop\/business-casual-mens-vest-waistcoat-brown-tones-ss24-w2-4\/#primaryimage","url":"https:\/\/www.dornschild.com\/wp-content\/uploads\/2024\/02\/Dornschild-Herren-Weste-Kragen-Gilet-Waistcoat-modisch-schick-braun-FS24-W2-4-F.jpg","contentUrl":"https:\/\/www.dornschild.com\/wp-content\/uploads\/2024\/02\/Dornschild-Herren-Weste-Kragen-Gilet-Waistcoat-modisch-schick-braun-FS24-W2-4-F.jpg","width":1370,"height":1946,"caption":"Moderne, leichte und l\u00e4ssige Herrenweste \/ Gilet mit Kragen mit fein strukturiertem Muster in Braunt\u00f6nen und Cremewei\u00df von DORNSCHILD f\u00fcr ein stilvollem Sommer Look."},{"@type":"BreadcrumbList","@id":"https:\/\/www.dornschild.com\/en\/shop\/business-casual-mens-vest-waistcoat-brown-tones-ss24-w2-4\/#breadcrumb","itemListElement":[{"@type":"ListItem","position":1,"name":"Startseite","item":"https:\/\/www.dornschild.com\/en\/"},{"@type":"ListItem","position":2,"name":"Dornschild Online Shop","item":"https:\/\/www.dornschild.com\/en\/shop\/"},{"@type":"ListItem","position":3,"name":"Men\u00b4s vest SS24 W2-4"}]},{"@type":"WebSite","@id":"https:\/\/www.dornschild.com\/en\/#website","url":"https:\/\/www.dornschild.com\/en\/","name":"Dornschild - Unique premium men&#039;s vests","description":"Premium Herrenwesten | Handgefertigt in Europa","publisher":{"@id":"https:\/\/www.dornschild.com\/en\/#organization"},"potentialAction":[{"@type":"SearchAction","target":{"@type":"EntryPoint","urlTemplate":"https:\/\/www.dornschild.com\/en\/?s={search_term_string}"},"query-input":{"@type":"PropertyValueSpecification","valueRequired":true,"valueName":"search_term_string"}}],"inLanguage":"en-US"},{"@type":"Organization","@id":"https:\/\/www.dornschild.com\/en\/#organization","name":"DORNSCHILD","url":"https:\/\/www.dornschild.com\/en\/","logo":{"@type":"ImageObject","inLanguage":"en-US","@id":"https:\/\/www.dornschild.com\/en\/#\/schema\/logo\/image\/","url":"https:\/\/www.dornschild.com\/wp-content\/uploads\/2024\/10\/Dornschild-Logo.png","contentUrl":"https:\/\/www.dornschild.com\/wp-content\/uploads\/2024\/10\/Dornschild-Logo.png","width":1000,"height":1000,"caption":"DORNSCHILD"},"image":{"@id":"https:\/\/www.dornschild.com\/en\/#\/schema\/logo\/image\/"},"sameAs":["https:\/\/www.facebook.com\/Dornschild","https:\/\/www.instagram.com\/dornschild\/","https:\/\/www.pinterest.de\/dornschild\/"]}]}},"_links":{"self":[{"href":"https:\/\/www.dornschild.com\/en\/wp-json\/wp\/v2\/product\/35878","targetHints":{"allow":["GET"]}}],"collection":[{"href":"https:\/\/www.dornschild.com\/en\/wp-json\/wp\/v2\/product"}],"about":[{"href":"https:\/\/www.dornschild.com\/en\/wp-json\/wp\/v2\/types\/product"}],"wp:featuredmedia":[{"embeddable":true,"href":"https:\/\/www.dornschild.com\/en\/wp-json\/wp\/v2\/media\/36330"}],"wp:attachment":[{"href":"https:\/\/www.dornschild.com\/en\/wp-json\/wp\/v2\/media?parent=35878"}],"wp:term":[{"taxonomy":"product_brand","embeddable":true,"href":"https:\/\/www.dornschild.com\/en\/wp-json\/wp\/v2\/product_brand?post=35878"},{"taxonomy":"product_cat","embeddable":true,"href":"https:\/\/www.dornschild.com\/en\/wp-json\/wp\/v2\/product_cat?post=35878"},{"taxonomy":"product_tag","embeddable":true,"href":"https:\/\/www.dornschild.com\/en\/wp-json\/wp\/v2\/product_tag?post=35878"}],"curies":[{"name":"wp","href":"https:\/\/api.w.org\/{rel}","templated":true}]}}