{"id":33296,"date":"2023-09-05T18:35:49","date_gmt":"2023-09-05T16:35:53","guid":{"rendered":"https:\/\/www.dornschild.com\/?post_type=product&#038;p=33296"},"modified":"2024-11-08T14:25:53","modified_gmt":"2024-11-08T13:25:53","slug":"mens-vest-chic-elegant-stand-collar-black-brown-hw23-w3-2","status":"publish","type":"product","link":"https:\/\/www.dornschild.com\/en\/shop\/mens-vest-chic-elegant-stand-collar-black-brown-hw23-w3-2\/","title":{"rendered":"Men\u00b4s vest AW23 W3-2"},"content":{"rendered":"<p><em><strong>Combination Ideas and Style Inspirations for the Men&#8217;s Vest:<\/strong><\/em><\/p>\n<p>When wearing the Design W3-2 men&#8217;s vest by DORNSCHILD, elegance becomes a daily affair. The dark brown vest with a subtle check pattern in black and cream is a real eye-catcher. It reveals itself as the perfect companion for various tops, be it a black shirt or perhaps a black turtleneck sweater for a casual touch. A dark grey sweater could also be a charming combination. This vest harmonizes wonderfully with a black soft cloth trousers or well-fitting jeans for a more relaxed note. Rounded off with a few noble lace-up shoes or modern boots, your style-conscious outfit for fall and winter is complete.<\/p>\n","protected":false},"excerpt":{"rendered":"<p><strong>Model:<\/strong> Men&#8217;s Vest \/ Gilet with Stand-up Collar Made from the Finest Italian Fabric<br \/>\n<strong>Color:<\/strong> Dark Brown with a Subtle Check Pattern in Black and Cream<br \/>\n<strong>Stand-up Collar and Side Panels:<\/strong> Black<br \/>\n<strong>Lining Color:<\/strong> Black<br \/>\n<strong>Pockets:<\/strong> 3 External Pockets, 1 Internal Pocket<br \/>\n<strong>Fit:<\/strong> Tailored Fit &#8211; See Size Guide for Details<br \/>\n<strong>Outer Fabric:<\/strong> 44% Viscose, 42% virgin wool, 14 polyamide<br \/>\n<strong>Lining:<\/strong> 100% Viscose<br \/>\n<strong>Buttons:<\/strong> 5 Silk-Matte Horn Buttons<br \/>\n<strong>Width Adjustment:<\/strong> 1 Adjustable Metal Clasp at the Back<\/p>\n<p>incl. free pocket square value in matching lining material<\/p>\n<p><strong>Care instructions:<\/strong>\u00a0do not wash \/ do not bleach \/ do not trumble dry<br \/>\niron low \/ dry clean<\/p>\n<p><strong>Model Measurements:<\/strong> Our model is 6 feet tall, weighs 174 pounds, and is wearing size 50 (L). He has a normal to slightly athletic build.<\/p>\n","protected":false},"featured_media":33486,"template":"","meta":{"_acf_changed":false},"product_brand":[],"product_cat":[1206,1186,1099,1114],"product_tag":[1202],"class_list":{"0":"post-33296","1":"product","2":"type-product","3":"status-publish","4":"has-post-thumbnail","6":"product_cat-autumn-winter","7":"product_cat-vests","8":"product_cat-previous-collections","9":"product_cat-sale-en","10":"product_tag-autumn-winter","11":"pa_size-46-90-s-en","12":"pa_size-48-94-m-en","13":"pa_size-50-98-l-en","14":"pa_size-52-102-xl-en","15":"pa_size-54-106-xxl-en","16":"pa_size-56-110-3xl-en","17":"pa_size-58-114-4xl-en","18":"pa_size-60-118-5xl-en","20":"first","21":"instock","22":"sale","23":"taxable","24":"shipping-taxable","25":"purchasable","26":"product-type-variable"},"acf":[],"yoast_head":"<!-- This site is optimized with the Yoast SEO Premium plugin v27.4 (Yoast SEO v27.4) - https:\/\/yoast.com\/product\/yoast-seo-premium-wordpress\/ -->\n<title>Daily Elegance: DORNSCHILD Men&#039;s Vest with Stand-Up Collar!<\/title>\n<meta name=\"description\" content=\"Elegant dark brown DORNSCHILD men&#039;s vest with stand-up collar - your perfect companion for business &amp; everyday life. \u2713 Premium Quality \u2713 Handcrafted in Europe.\" \/>\n<meta name=\"robots\" content=\"index, follow, max-snippet:-1, max-image-preview:large, max-video-preview:-1\" \/>\n<link rel=\"canonical\" href=\"https:\/\/www.dornschild.com\/en\/shop\/mens-vest-chic-elegant-stand-collar-black-brown-hw23-w3-2\/\" \/>\n<meta property=\"og:locale\" content=\"en_US\" \/>\n<meta property=\"og:type\" content=\"article\" \/>\n<meta property=\"og:title\" content=\"Men\u00b4s vest AW23 W3-2\" \/>\n<meta property=\"og:description\" content=\"Model: Men&#039;s Vest \/ Gilet with Stand-up Collar Made from the Finest Italian Fabric Color: Dark Brown with a Subtle Check Pattern in Black and Cream Stand-up Collar and Side Panels: Black Lining Color: Black Pockets: 3 External Pockets, 1 Internal Pocket Fit: Tailored Fit - See Size Guide for Details Outer Fabric: 44% Viscose, 42% virgin wool, 14 polyamide Lining: 100% Viscose Buttons: 5 Silk-Matte Horn Buttons Width Adjustment: 1 Adjustable Metal Clasp at the Back  incl. free pocket square value in matching lining material  Care instructions:\u00a0do not wash \/ do not bleach \/ do not trumble dry iron low \/ dry clean  Model Measurements: Our model is 6 feet tall, weighs 174 pounds, and is wearing size 50 (L). He has a normal to slightly athletic build.\" \/>\n<meta property=\"og:url\" content=\"https:\/\/www.dornschild.com\/en\/shop\/mens-vest-chic-elegant-stand-collar-black-brown-hw23-w3-2\/\" \/>\n<meta property=\"og:site_name\" content=\"Dornschild - Unique premium men&#039;s vests\" \/>\n<meta property=\"article:publisher\" content=\"https:\/\/www.facebook.com\/Dornschild\" \/>\n<meta property=\"article:modified_time\" content=\"2024-11-08T13:25:53+00:00\" \/>\n<meta property=\"og:image\" content=\"https:\/\/www.dornschild.com\/wp-content\/uploads\/2023\/09\/moderne-herren-weste-gilet-stehkragen-dornschild-schwarz-braun-kariert-edel-herbst-winter-w3-2-f.jpg\" \/>\n\t<meta property=\"og:image:width\" content=\"1370\" \/>\n\t<meta property=\"og:image:height\" content=\"1946\" \/>\n\t<meta property=\"og:image:type\" content=\"image\/jpeg\" \/>\n<meta name=\"twitter:card\" content=\"summary_large_image\" \/>\n<meta name=\"twitter:label1\" content=\"Est. reading time\" \/>\n\t<meta name=\"twitter:data1\" content=\"1 minute\" \/>\n<script type=\"application\/ld+json\" class=\"yoast-schema-graph\">{\"@context\":\"https:\\\/\\\/schema.org\",\"@graph\":[{\"@type\":[\"WebPage\",\"ItemPage\"],\"@id\":\"https:\\\/\\\/www.dornschild.com\\\/en\\\/shop\\\/mens-vest-chic-elegant-stand-collar-black-brown-hw23-w3-2\\\/\",\"url\":\"https:\\\/\\\/www.dornschild.com\\\/en\\\/shop\\\/mens-vest-chic-elegant-stand-collar-black-brown-hw23-w3-2\\\/\",\"name\":\"Daily Elegance: DORNSCHILD Men's Vest with Stand-Up Collar!\",\"isPartOf\":{\"@id\":\"https:\\\/\\\/www.dornschild.com\\\/en\\\/#website\"},\"primaryImageOfPage\":{\"@id\":\"https:\\\/\\\/www.dornschild.com\\\/en\\\/shop\\\/mens-vest-chic-elegant-stand-collar-black-brown-hw23-w3-2\\\/#primaryimage\"},\"image\":{\"@id\":\"https:\\\/\\\/www.dornschild.com\\\/en\\\/shop\\\/mens-vest-chic-elegant-stand-collar-black-brown-hw23-w3-2\\\/#primaryimage\"},\"thumbnailUrl\":\"https:\\\/\\\/www.dornschild.com\\\/wp-content\\\/uploads\\\/2023\\\/09\\\/moderne-herren-weste-gilet-stehkragen-dornschild-schwarz-braun-kariert-edel-herbst-winter-w3-2-f.jpg\",\"datePublished\":\"2023-09-05T16:35:53+00:00\",\"dateModified\":\"2024-11-08T13:25:53+00:00\",\"description\":\"Elegant dark brown DORNSCHILD men's vest with stand-up collar - your perfect companion for business & everyday life. \u2713 Premium Quality \u2713 Handcrafted in Europe.\",\"breadcrumb\":{\"@id\":\"https:\\\/\\\/www.dornschild.com\\\/en\\\/shop\\\/mens-vest-chic-elegant-stand-collar-black-brown-hw23-w3-2\\\/#breadcrumb\"},\"inLanguage\":\"en-US\",\"potentialAction\":[{\"@type\":\"ReadAction\",\"target\":[\"https:\\\/\\\/www.dornschild.com\\\/en\\\/shop\\\/mens-vest-chic-elegant-stand-collar-black-brown-hw23-w3-2\\\/\"]}]},{\"@type\":\"ImageObject\",\"inLanguage\":\"en-US\",\"@id\":\"https:\\\/\\\/www.dornschild.com\\\/en\\\/shop\\\/mens-vest-chic-elegant-stand-collar-black-brown-hw23-w3-2\\\/#primaryimage\",\"url\":\"https:\\\/\\\/www.dornschild.com\\\/wp-content\\\/uploads\\\/2023\\\/09\\\/moderne-herren-weste-gilet-stehkragen-dornschild-schwarz-braun-kariert-edel-herbst-winter-w3-2-f.jpg\",\"contentUrl\":\"https:\\\/\\\/www.dornschild.com\\\/wp-content\\\/uploads\\\/2023\\\/09\\\/moderne-herren-weste-gilet-stehkragen-dornschild-schwarz-braun-kariert-edel-herbst-winter-w3-2-f.jpg\",\"width\":1370,\"height\":1946,\"caption\":\"Edle DORNSCHILD Herrenweste in Dunkelbraun mit Schwarz-Cremewei\u00dfem Karomuster, Stehkragen und seitlichen Eins\u00e4tzen. Ideal f\u00fcr Business und Alltag, handgefertigt in Europa aus feinster italienischer Schurwolle.\"},{\"@type\":\"BreadcrumbList\",\"@id\":\"https:\\\/\\\/www.dornschild.com\\\/en\\\/shop\\\/mens-vest-chic-elegant-stand-collar-black-brown-hw23-w3-2\\\/#breadcrumb\",\"itemListElement\":[{\"@type\":\"ListItem\",\"position\":1,\"name\":\"Startseite\",\"item\":\"https:\\\/\\\/www.dornschild.com\\\/en\\\/\"},{\"@type\":\"ListItem\",\"position\":2,\"name\":\"Dornschild Online Shop\",\"item\":\"https:\\\/\\\/www.dornschild.com\\\/shop\\\/\"},{\"@type\":\"ListItem\",\"position\":3,\"name\":\"Men\u00b4s vest AW23 W3-2\"}]},{\"@type\":\"WebSite\",\"@id\":\"https:\\\/\\\/www.dornschild.com\\\/en\\\/#website\",\"url\":\"https:\\\/\\\/www.dornschild.com\\\/en\\\/\",\"name\":\"Dornschild - Unique premium men&#039;s vests\",\"description\":\"Premium Herrenwesten | Handgefertigt in Europa\",\"publisher\":{\"@id\":\"https:\\\/\\\/www.dornschild.com\\\/en\\\/#organization\"},\"potentialAction\":[{\"@type\":\"SearchAction\",\"target\":{\"@type\":\"EntryPoint\",\"urlTemplate\":\"https:\\\/\\\/www.dornschild.com\\\/en\\\/?s={search_term_string}\"},\"query-input\":{\"@type\":\"PropertyValueSpecification\",\"valueRequired\":true,\"valueName\":\"search_term_string\"}}],\"inLanguage\":\"en-US\"},{\"@type\":\"Organization\",\"@id\":\"https:\\\/\\\/www.dornschild.com\\\/en\\\/#organization\",\"name\":\"DORNSCHILD\",\"url\":\"https:\\\/\\\/www.dornschild.com\\\/en\\\/\",\"logo\":{\"@type\":\"ImageObject\",\"inLanguage\":\"en-US\",\"@id\":\"https:\\\/\\\/www.dornschild.com\\\/en\\\/#\\\/schema\\\/logo\\\/image\\\/\",\"url\":\"https:\\\/\\\/www.dornschild.com\\\/wp-content\\\/uploads\\\/2024\\\/10\\\/Dornschild-Logo.png\",\"contentUrl\":\"https:\\\/\\\/www.dornschild.com\\\/wp-content\\\/uploads\\\/2024\\\/10\\\/Dornschild-Logo.png\",\"width\":1000,\"height\":1000,\"caption\":\"DORNSCHILD\"},\"image\":{\"@id\":\"https:\\\/\\\/www.dornschild.com\\\/en\\\/#\\\/schema\\\/logo\\\/image\\\/\"},\"sameAs\":[\"https:\\\/\\\/www.facebook.com\\\/Dornschild\",\"https:\\\/\\\/www.instagram.com\\\/dornschild\\\/\",\"https:\\\/\\\/www.pinterest.de\\\/dornschild\\\/\"]}]}<\/script>\n<!-- \/ Yoast SEO Premium plugin. -->","yoast_head_json":{"title":"Daily Elegance: DORNSCHILD Men's Vest with Stand-Up Collar!","description":"Elegant dark brown DORNSCHILD men's vest with stand-up collar - your perfect companion for business & everyday life. \u2713 Premium Quality \u2713 Handcrafted in Europe.","robots":{"index":"index","follow":"follow","max-snippet":"max-snippet:-1","max-image-preview":"max-image-preview:large","max-video-preview":"max-video-preview:-1"},"canonical":"https:\/\/www.dornschild.com\/en\/shop\/mens-vest-chic-elegant-stand-collar-black-brown-hw23-w3-2\/","og_locale":"en_US","og_type":"article","og_title":"Men\u00b4s vest AW23 W3-2","og_description":"Model: Men's Vest \/ Gilet with Stand-up Collar Made from the Finest Italian Fabric Color: Dark Brown with a Subtle Check Pattern in Black and Cream Stand-up Collar and Side Panels: Black Lining Color: Black Pockets: 3 External Pockets, 1 Internal Pocket Fit: Tailored Fit - See Size Guide for Details Outer Fabric: 44% Viscose, 42% virgin wool, 14 polyamide Lining: 100% Viscose Buttons: 5 Silk-Matte Horn Buttons Width Adjustment: 1 Adjustable Metal Clasp at the Back  incl. free pocket square value in matching lining material  Care instructions:\u00a0do not wash \/ do not bleach \/ do not trumble dry iron low \/ dry clean  Model Measurements: Our model is 6 feet tall, weighs 174 pounds, and is wearing size 50 (L). He has a normal to slightly athletic build.","og_url":"https:\/\/www.dornschild.com\/en\/shop\/mens-vest-chic-elegant-stand-collar-black-brown-hw23-w3-2\/","og_site_name":"Dornschild - Unique premium men&#039;s vests","article_publisher":"https:\/\/www.facebook.com\/Dornschild","article_modified_time":"2024-11-08T13:25:53+00:00","og_image":[{"width":1370,"height":1946,"url":"https:\/\/www.dornschild.com\/wp-content\/uploads\/2023\/09\/moderne-herren-weste-gilet-stehkragen-dornschild-schwarz-braun-kariert-edel-herbst-winter-w3-2-f.jpg","type":"image\/jpeg"}],"twitter_card":"summary_large_image","twitter_misc":{"Est. reading time":"1 minute"},"schema":{"@context":"https:\/\/schema.org","@graph":[{"@type":["WebPage","ItemPage"],"@id":"https:\/\/www.dornschild.com\/en\/shop\/mens-vest-chic-elegant-stand-collar-black-brown-hw23-w3-2\/","url":"https:\/\/www.dornschild.com\/en\/shop\/mens-vest-chic-elegant-stand-collar-black-brown-hw23-w3-2\/","name":"Daily Elegance: DORNSCHILD Men's Vest with Stand-Up Collar!","isPartOf":{"@id":"https:\/\/www.dornschild.com\/en\/#website"},"primaryImageOfPage":{"@id":"https:\/\/www.dornschild.com\/en\/shop\/mens-vest-chic-elegant-stand-collar-black-brown-hw23-w3-2\/#primaryimage"},"image":{"@id":"https:\/\/www.dornschild.com\/en\/shop\/mens-vest-chic-elegant-stand-collar-black-brown-hw23-w3-2\/#primaryimage"},"thumbnailUrl":"https:\/\/www.dornschild.com\/wp-content\/uploads\/2023\/09\/moderne-herren-weste-gilet-stehkragen-dornschild-schwarz-braun-kariert-edel-herbst-winter-w3-2-f.jpg","datePublished":"2023-09-05T16:35:53+00:00","dateModified":"2024-11-08T13:25:53+00:00","description":"Elegant dark brown DORNSCHILD men's vest with stand-up collar - your perfect companion for business & everyday life. \u2713 Premium Quality \u2713 Handcrafted in Europe.","breadcrumb":{"@id":"https:\/\/www.dornschild.com\/en\/shop\/mens-vest-chic-elegant-stand-collar-black-brown-hw23-w3-2\/#breadcrumb"},"inLanguage":"en-US","potentialAction":[{"@type":"ReadAction","target":["https:\/\/www.dornschild.com\/en\/shop\/mens-vest-chic-elegant-stand-collar-black-brown-hw23-w3-2\/"]}]},{"@type":"ImageObject","inLanguage":"en-US","@id":"https:\/\/www.dornschild.com\/en\/shop\/mens-vest-chic-elegant-stand-collar-black-brown-hw23-w3-2\/#primaryimage","url":"https:\/\/www.dornschild.com\/wp-content\/uploads\/2023\/09\/moderne-herren-weste-gilet-stehkragen-dornschild-schwarz-braun-kariert-edel-herbst-winter-w3-2-f.jpg","contentUrl":"https:\/\/www.dornschild.com\/wp-content\/uploads\/2023\/09\/moderne-herren-weste-gilet-stehkragen-dornschild-schwarz-braun-kariert-edel-herbst-winter-w3-2-f.jpg","width":1370,"height":1946,"caption":"Edle DORNSCHILD Herrenweste in Dunkelbraun mit Schwarz-Cremewei\u00dfem Karomuster, Stehkragen und seitlichen Eins\u00e4tzen. Ideal f\u00fcr Business und Alltag, handgefertigt in Europa aus feinster italienischer Schurwolle."},{"@type":"BreadcrumbList","@id":"https:\/\/www.dornschild.com\/en\/shop\/mens-vest-chic-elegant-stand-collar-black-brown-hw23-w3-2\/#breadcrumb","itemListElement":[{"@type":"ListItem","position":1,"name":"Startseite","item":"https:\/\/www.dornschild.com\/en\/"},{"@type":"ListItem","position":2,"name":"Dornschild Online Shop","item":"https:\/\/www.dornschild.com\/shop\/"},{"@type":"ListItem","position":3,"name":"Men\u00b4s vest AW23 W3-2"}]},{"@type":"WebSite","@id":"https:\/\/www.dornschild.com\/en\/#website","url":"https:\/\/www.dornschild.com\/en\/","name":"Dornschild - Unique premium men&#039;s vests","description":"Premium Herrenwesten | Handgefertigt in Europa","publisher":{"@id":"https:\/\/www.dornschild.com\/en\/#organization"},"potentialAction":[{"@type":"SearchAction","target":{"@type":"EntryPoint","urlTemplate":"https:\/\/www.dornschild.com\/en\/?s={search_term_string}"},"query-input":{"@type":"PropertyValueSpecification","valueRequired":true,"valueName":"search_term_string"}}],"inLanguage":"en-US"},{"@type":"Organization","@id":"https:\/\/www.dornschild.com\/en\/#organization","name":"DORNSCHILD","url":"https:\/\/www.dornschild.com\/en\/","logo":{"@type":"ImageObject","inLanguage":"en-US","@id":"https:\/\/www.dornschild.com\/en\/#\/schema\/logo\/image\/","url":"https:\/\/www.dornschild.com\/wp-content\/uploads\/2024\/10\/Dornschild-Logo.png","contentUrl":"https:\/\/www.dornschild.com\/wp-content\/uploads\/2024\/10\/Dornschild-Logo.png","width":1000,"height":1000,"caption":"DORNSCHILD"},"image":{"@id":"https:\/\/www.dornschild.com\/en\/#\/schema\/logo\/image\/"},"sameAs":["https:\/\/www.facebook.com\/Dornschild","https:\/\/www.instagram.com\/dornschild\/","https:\/\/www.pinterest.de\/dornschild\/"]}]}},"_links":{"self":[{"href":"https:\/\/www.dornschild.com\/en\/wp-json\/wp\/v2\/product\/33296","targetHints":{"allow":["GET"]}}],"collection":[{"href":"https:\/\/www.dornschild.com\/en\/wp-json\/wp\/v2\/product"}],"about":[{"href":"https:\/\/www.dornschild.com\/en\/wp-json\/wp\/v2\/types\/product"}],"wp:featuredmedia":[{"embeddable":true,"href":"https:\/\/www.dornschild.com\/en\/wp-json\/wp\/v2\/media\/33486"}],"wp:attachment":[{"href":"https:\/\/www.dornschild.com\/en\/wp-json\/wp\/v2\/media?parent=33296"}],"wp:term":[{"taxonomy":"product_brand","embeddable":true,"href":"https:\/\/www.dornschild.com\/en\/wp-json\/wp\/v2\/product_brand?post=33296"},{"taxonomy":"product_cat","embeddable":true,"href":"https:\/\/www.dornschild.com\/en\/wp-json\/wp\/v2\/product_cat?post=33296"},{"taxonomy":"product_tag","embeddable":true,"href":"https:\/\/www.dornschild.com\/en\/wp-json\/wp\/v2\/product_tag?post=33296"}],"curies":[{"name":"wp","href":"https:\/\/api.w.org\/{rel}","templated":true}]}}