{"id":33148,"date":"2023-09-05T18:24:27","date_gmt":"2023-09-05T16:24:27","guid":{"rendered":"https:\/\/www.dornschild.com\/?post_type=product&#038;p=33148"},"modified":"2025-12-02T19:51:31","modified_gmt":"2025-12-02T18:51:31","slug":"mens-vest-sporty-modern-hood-cream-white-blue-hw23-w2-4k","status":"publish","type":"product","link":"https:\/\/www.dornschild.com\/en\/shop\/mens-vest-sporty-modern-hood-cream-white-blue-hw23-w2-4k\/","title":{"rendered":"Men\u00b4s vest AW23 W2-4K"},"content":{"rendered":"<p><em><strong>Combination Ideas and Style Inspirations for the Men&#8217;s Vest:<\/strong><\/em><\/p>\n<p>Dive into autumn-winter with a touch of style! With the Design W2-4K men&#8217;s vest with detachable hood from DORNSCHILD, doors open to infinitely versatile looks. From noble to casual, this vest meets every fashion requirement. Combine it with a dark blue turtleneck or shirt for a harmonious appearance. Or dare to make a striking contrast with a cream-white shirt. On colder days, a cognac-colored sweater matches excellently, while the detachable hood gives you a playful, sporty flair. Complete your look with dark blue jeans or a smart pair of trousers, and round it all off with a pair of classic lace-up shoes or robust boots. A guaranteed eye-catcher for the season!<\/p>\n","protected":false},"excerpt":{"rendered":"<p><strong>Two Styling Options &#8211; with and without a hood<\/strong><br \/>\n<strong>Model:<\/strong> Men\u2019s Vest \/ Waistcoat with Lapel and Hood crafted from the finest Italian fabric<br \/>\n<strong>Hood:<\/strong> Removable with snap buttons<br \/>\n<strong>Color:<\/strong> Cream with a check pattern in dark blue and cognac<br \/>\n<strong>Side Panels and Hood:<\/strong> Dark blue<br \/>\n<strong>Lining Color:<\/strong> Dark blue<br \/>\n<strong>Pockets:<\/strong> 3 external pockets, 1 internal pocket<br \/>\n<strong>Fit:<\/strong> Tailored fit &#8211; Details available in the size guide<br \/>\n<strong>Outer Fabric:<\/strong> 72% virgin wool, 26% cotton, 2% cashmere<br \/>\n<strong>Lining:<\/strong> 100% viscose Buttons: 5 horn buttons with a gradient finish, semi-matte<br \/>\n<strong>Width Adjustment:<\/strong> 2 adjustable metal clasps on the sides<\/p>\n<p>incl. free pocket square value in matching lining material<\/p>\n<p><strong>Care instructions<\/strong>:\u00a0do not wash \/ do not bleach \/ do not trumble dry<br \/>\niron low \/ dry clean<\/p>\n<p><strong>Model Measurements:<\/strong> Our model is 6 feet tall, weighs 174 pounds, and is wearing size 50 (L). He has a normal to slightly athletic build.<\/p>\n","protected":false},"featured_media":33478,"template":"","meta":{"_acf_changed":false},"product_brand":[],"product_cat":[1206,1186,1099,1177,1114],"product_tag":[1202],"class_list":{"0":"post-33148","1":"product","2":"type-product","3":"status-publish","4":"has-post-thumbnail","6":"product_cat-autumn-winter","7":"product_cat-vests","8":"product_cat-previous-collections","9":"product_cat-dornschild-outlet-en","10":"product_cat-sale-en","11":"product_tag-autumn-winter","12":"pa_size-46-90-s-en","13":"pa_size-48-94-m-en","14":"pa_size-50-98-l-en","15":"pa_size-52-102-xl-en","16":"pa_size-54-106-xxl-en","17":"pa_size-56-110-3xl-en","18":"pa_size-58-114-4xl-en","19":"pa_size-60-118-5xl-en","21":"first","22":"instock","23":"sale","24":"taxable","25":"shipping-taxable","26":"purchasable","27":"product-type-variable"},"acf":[],"yoast_head":"<!-- This site is optimized with the Yoast SEO Premium plugin v27.4 (Yoast SEO v27.4) - https:\/\/yoast.com\/product\/yoast-seo-premium-wordpress\/ -->\n<title>Versatility Meets Quality: DORNSCHILD Men&#039;s Vest with Hood!<\/title>\n<meta name=\"description\" content=\"Discover the versatility of the modern DORNSCHILD men&#039;s vest with detachable hood now! \u2713 Premium Quality \u2713 Handcrafted in Europe.\" \/>\n<meta name=\"robots\" content=\"index, follow, max-snippet:-1, max-image-preview:large, max-video-preview:-1\" \/>\n<link rel=\"canonical\" href=\"https:\/\/www.dornschild.com\/en\/shop\/mens-vest-sporty-modern-hood-cream-white-blue-hw23-w2-4k\/\" \/>\n<meta property=\"og:locale\" content=\"en_US\" \/>\n<meta property=\"og:type\" content=\"article\" \/>\n<meta property=\"og:title\" content=\"Men\u00b4s vest AW23 W2-4K\" \/>\n<meta property=\"og:description\" content=\"Two Styling Options - with and without a hood Model: Men\u2019s Vest \/ Waistcoat with Lapel and Hood crafted from the finest Italian fabric Hood: Removable with snap buttons Color: Cream with a check pattern in dark blue and cognac Side Panels and Hood: Dark blue Lining Color: Dark blue Pockets: 3 external pockets, 1 internal pocket Fit: Tailored fit - Details available in the size guide Outer Fabric: 72% virgin wool, 26% cotton, 2% cashmere Lining: 100% viscose Buttons: 5 horn buttons with a gradient finish, semi-matte Width Adjustment: 2 adjustable metal clasps on the sides  incl. free pocket square value in matching lining material  Care instructions:\u00a0do not wash \/ do not bleach \/ do not trumble dry iron low \/ dry clean  Model Measurements: Our model is 6 feet tall, weighs 174 pounds, and is wearing size 50 (L). He has a normal to slightly athletic build.\" \/>\n<meta property=\"og:url\" content=\"https:\/\/www.dornschild.com\/en\/shop\/mens-vest-sporty-modern-hood-cream-white-blue-hw23-w2-4k\/\" \/>\n<meta property=\"og:site_name\" content=\"Dornschild - Unique premium men&#039;s vests\" \/>\n<meta property=\"article:publisher\" content=\"https:\/\/www.facebook.com\/Dornschild\" \/>\n<meta property=\"article:modified_time\" content=\"2025-12-02T18:51:31+00:00\" \/>\n<meta property=\"og:image\" content=\"https:\/\/www.dornschild.com\/wp-content\/uploads\/2023\/09\/modische-herrenweste-gilet-kragen-kapuze-dornschild-beige-blau-schick-herbst-winter-w2-4K-f.jpg\" \/>\n\t<meta property=\"og:image:width\" content=\"1370\" \/>\n\t<meta property=\"og:image:height\" content=\"1946\" \/>\n\t<meta property=\"og:image:type\" content=\"image\/jpeg\" \/>\n<meta name=\"twitter:card\" content=\"summary_large_image\" \/>\n<meta name=\"twitter:label1\" content=\"Est. reading time\" \/>\n\t<meta name=\"twitter:data1\" content=\"1 minute\" \/>\n<script type=\"application\/ld+json\" class=\"yoast-schema-graph\">{\"@context\":\"https:\\\/\\\/schema.org\",\"@graph\":[{\"@type\":[\"WebPage\",\"ItemPage\"],\"@id\":\"https:\\\/\\\/www.dornschild.com\\\/en\\\/shop\\\/mens-vest-sporty-modern-hood-cream-white-blue-hw23-w2-4k\\\/\",\"url\":\"https:\\\/\\\/www.dornschild.com\\\/en\\\/shop\\\/mens-vest-sporty-modern-hood-cream-white-blue-hw23-w2-4k\\\/\",\"name\":\"Versatility Meets Quality: DORNSCHILD Men's Vest with Hood!\",\"isPartOf\":{\"@id\":\"https:\\\/\\\/www.dornschild.com\\\/en\\\/#website\"},\"primaryImageOfPage\":{\"@id\":\"https:\\\/\\\/www.dornschild.com\\\/en\\\/shop\\\/mens-vest-sporty-modern-hood-cream-white-blue-hw23-w2-4k\\\/#primaryimage\"},\"image\":{\"@id\":\"https:\\\/\\\/www.dornschild.com\\\/en\\\/shop\\\/mens-vest-sporty-modern-hood-cream-white-blue-hw23-w2-4k\\\/#primaryimage\"},\"thumbnailUrl\":\"https:\\\/\\\/www.dornschild.com\\\/wp-content\\\/uploads\\\/2023\\\/09\\\/modische-herrenweste-gilet-kragen-kapuze-dornschild-beige-blau-schick-herbst-winter-w2-4K-f.jpg\",\"datePublished\":\"2023-09-05T16:24:27+00:00\",\"dateModified\":\"2025-12-02T18:51:31+00:00\",\"description\":\"Discover the versatility of the modern DORNSCHILD men's vest with detachable hood now! \u2713 Premium Quality \u2713 Handcrafted in Europe.\",\"breadcrumb\":{\"@id\":\"https:\\\/\\\/www.dornschild.com\\\/en\\\/shop\\\/mens-vest-sporty-modern-hood-cream-white-blue-hw23-w2-4k\\\/#breadcrumb\"},\"inLanguage\":\"en-US\",\"potentialAction\":[{\"@type\":\"ReadAction\",\"target\":[\"https:\\\/\\\/www.dornschild.com\\\/en\\\/shop\\\/mens-vest-sporty-modern-hood-cream-white-blue-hw23-w2-4k\\\/\"]}]},{\"@type\":\"ImageObject\",\"inLanguage\":\"en-US\",\"@id\":\"https:\\\/\\\/www.dornschild.com\\\/en\\\/shop\\\/mens-vest-sporty-modern-hood-cream-white-blue-hw23-w2-4k\\\/#primaryimage\",\"url\":\"https:\\\/\\\/www.dornschild.com\\\/wp-content\\\/uploads\\\/2023\\\/09\\\/modische-herrenweste-gilet-kragen-kapuze-dornschild-beige-blau-schick-herbst-winter-w2-4K-f.jpg\",\"contentUrl\":\"https:\\\/\\\/www.dornschild.com\\\/wp-content\\\/uploads\\\/2023\\\/09\\\/modische-herrenweste-gilet-kragen-kapuze-dornschild-beige-blau-schick-herbst-winter-w2-4K-f.jpg\",\"width\":1370,\"height\":1946,\"caption\":\"Sportliche und l\u00e4ssige DORNSCHILD Herrenweste mit abnehmbarer Kapuze und Kragen. Pr\u00e4sentiert sich in cremewei\u00dfem Ton mit dunkelblauem und cognacfarbenem Karomuster, handgefertigt in Europa aus feinstem italienischen Stoff. Ideal f\u00fcr diverse Stilrichtungen, von edel bis sportlich.\"},{\"@type\":\"BreadcrumbList\",\"@id\":\"https:\\\/\\\/www.dornschild.com\\\/en\\\/shop\\\/mens-vest-sporty-modern-hood-cream-white-blue-hw23-w2-4k\\\/#breadcrumb\",\"itemListElement\":[{\"@type\":\"ListItem\",\"position\":1,\"name\":\"Startseite\",\"item\":\"https:\\\/\\\/www.dornschild.com\\\/en\\\/\"},{\"@type\":\"ListItem\",\"position\":2,\"name\":\"Dornschild Online Shop\",\"item\":\"https:\\\/\\\/www.dornschild.com\\\/shop\\\/\"},{\"@type\":\"ListItem\",\"position\":3,\"name\":\"Men\u00b4s vest AW23 W2-4K\"}]},{\"@type\":\"WebSite\",\"@id\":\"https:\\\/\\\/www.dornschild.com\\\/en\\\/#website\",\"url\":\"https:\\\/\\\/www.dornschild.com\\\/en\\\/\",\"name\":\"Dornschild - Unique premium men&#039;s vests\",\"description\":\"Premium Herrenwesten | Handgefertigt in Europa\",\"publisher\":{\"@id\":\"https:\\\/\\\/www.dornschild.com\\\/en\\\/#organization\"},\"potentialAction\":[{\"@type\":\"SearchAction\",\"target\":{\"@type\":\"EntryPoint\",\"urlTemplate\":\"https:\\\/\\\/www.dornschild.com\\\/en\\\/?s={search_term_string}\"},\"query-input\":{\"@type\":\"PropertyValueSpecification\",\"valueRequired\":true,\"valueName\":\"search_term_string\"}}],\"inLanguage\":\"en-US\"},{\"@type\":\"Organization\",\"@id\":\"https:\\\/\\\/www.dornschild.com\\\/en\\\/#organization\",\"name\":\"DORNSCHILD\",\"url\":\"https:\\\/\\\/www.dornschild.com\\\/en\\\/\",\"logo\":{\"@type\":\"ImageObject\",\"inLanguage\":\"en-US\",\"@id\":\"https:\\\/\\\/www.dornschild.com\\\/en\\\/#\\\/schema\\\/logo\\\/image\\\/\",\"url\":\"https:\\\/\\\/www.dornschild.com\\\/wp-content\\\/uploads\\\/2024\\\/10\\\/Dornschild-Logo.png\",\"contentUrl\":\"https:\\\/\\\/www.dornschild.com\\\/wp-content\\\/uploads\\\/2024\\\/10\\\/Dornschild-Logo.png\",\"width\":1000,\"height\":1000,\"caption\":\"DORNSCHILD\"},\"image\":{\"@id\":\"https:\\\/\\\/www.dornschild.com\\\/en\\\/#\\\/schema\\\/logo\\\/image\\\/\"},\"sameAs\":[\"https:\\\/\\\/www.facebook.com\\\/Dornschild\",\"https:\\\/\\\/www.instagram.com\\\/dornschild\\\/\",\"https:\\\/\\\/www.pinterest.de\\\/dornschild\\\/\"]}]}<\/script>\n<!-- \/ Yoast SEO Premium plugin. -->","yoast_head_json":{"title":"Versatility Meets Quality: DORNSCHILD Men's Vest with Hood!","description":"Discover the versatility of the modern DORNSCHILD men's vest with detachable hood now! \u2713 Premium Quality \u2713 Handcrafted in Europe.","robots":{"index":"index","follow":"follow","max-snippet":"max-snippet:-1","max-image-preview":"max-image-preview:large","max-video-preview":"max-video-preview:-1"},"canonical":"https:\/\/www.dornschild.com\/en\/shop\/mens-vest-sporty-modern-hood-cream-white-blue-hw23-w2-4k\/","og_locale":"en_US","og_type":"article","og_title":"Men\u00b4s vest AW23 W2-4K","og_description":"Two Styling Options - with and without a hood Model: Men\u2019s Vest \/ Waistcoat with Lapel and Hood crafted from the finest Italian fabric Hood: Removable with snap buttons Color: Cream with a check pattern in dark blue and cognac Side Panels and Hood: Dark blue Lining Color: Dark blue Pockets: 3 external pockets, 1 internal pocket Fit: Tailored fit - Details available in the size guide Outer Fabric: 72% virgin wool, 26% cotton, 2% cashmere Lining: 100% viscose Buttons: 5 horn buttons with a gradient finish, semi-matte Width Adjustment: 2 adjustable metal clasps on the sides  incl. free pocket square value in matching lining material  Care instructions:\u00a0do not wash \/ do not bleach \/ do not trumble dry iron low \/ dry clean  Model Measurements: Our model is 6 feet tall, weighs 174 pounds, and is wearing size 50 (L). He has a normal to slightly athletic build.","og_url":"https:\/\/www.dornschild.com\/en\/shop\/mens-vest-sporty-modern-hood-cream-white-blue-hw23-w2-4k\/","og_site_name":"Dornschild - Unique premium men&#039;s vests","article_publisher":"https:\/\/www.facebook.com\/Dornschild","article_modified_time":"2025-12-02T18:51:31+00:00","og_image":[{"width":1370,"height":1946,"url":"https:\/\/www.dornschild.com\/wp-content\/uploads\/2023\/09\/modische-herrenweste-gilet-kragen-kapuze-dornschild-beige-blau-schick-herbst-winter-w2-4K-f.jpg","type":"image\/jpeg"}],"twitter_card":"summary_large_image","twitter_misc":{"Est. reading time":"1 minute"},"schema":{"@context":"https:\/\/schema.org","@graph":[{"@type":["WebPage","ItemPage"],"@id":"https:\/\/www.dornschild.com\/en\/shop\/mens-vest-sporty-modern-hood-cream-white-blue-hw23-w2-4k\/","url":"https:\/\/www.dornschild.com\/en\/shop\/mens-vest-sporty-modern-hood-cream-white-blue-hw23-w2-4k\/","name":"Versatility Meets Quality: DORNSCHILD Men's Vest with Hood!","isPartOf":{"@id":"https:\/\/www.dornschild.com\/en\/#website"},"primaryImageOfPage":{"@id":"https:\/\/www.dornschild.com\/en\/shop\/mens-vest-sporty-modern-hood-cream-white-blue-hw23-w2-4k\/#primaryimage"},"image":{"@id":"https:\/\/www.dornschild.com\/en\/shop\/mens-vest-sporty-modern-hood-cream-white-blue-hw23-w2-4k\/#primaryimage"},"thumbnailUrl":"https:\/\/www.dornschild.com\/wp-content\/uploads\/2023\/09\/modische-herrenweste-gilet-kragen-kapuze-dornschild-beige-blau-schick-herbst-winter-w2-4K-f.jpg","datePublished":"2023-09-05T16:24:27+00:00","dateModified":"2025-12-02T18:51:31+00:00","description":"Discover the versatility of the modern DORNSCHILD men's vest with detachable hood now! \u2713 Premium Quality \u2713 Handcrafted in Europe.","breadcrumb":{"@id":"https:\/\/www.dornschild.com\/en\/shop\/mens-vest-sporty-modern-hood-cream-white-blue-hw23-w2-4k\/#breadcrumb"},"inLanguage":"en-US","potentialAction":[{"@type":"ReadAction","target":["https:\/\/www.dornschild.com\/en\/shop\/mens-vest-sporty-modern-hood-cream-white-blue-hw23-w2-4k\/"]}]},{"@type":"ImageObject","inLanguage":"en-US","@id":"https:\/\/www.dornschild.com\/en\/shop\/mens-vest-sporty-modern-hood-cream-white-blue-hw23-w2-4k\/#primaryimage","url":"https:\/\/www.dornschild.com\/wp-content\/uploads\/2023\/09\/modische-herrenweste-gilet-kragen-kapuze-dornschild-beige-blau-schick-herbst-winter-w2-4K-f.jpg","contentUrl":"https:\/\/www.dornschild.com\/wp-content\/uploads\/2023\/09\/modische-herrenweste-gilet-kragen-kapuze-dornschild-beige-blau-schick-herbst-winter-w2-4K-f.jpg","width":1370,"height":1946,"caption":"Sportliche und l\u00e4ssige DORNSCHILD Herrenweste mit abnehmbarer Kapuze und Kragen. Pr\u00e4sentiert sich in cremewei\u00dfem Ton mit dunkelblauem und cognacfarbenem Karomuster, handgefertigt in Europa aus feinstem italienischen Stoff. Ideal f\u00fcr diverse Stilrichtungen, von edel bis sportlich."},{"@type":"BreadcrumbList","@id":"https:\/\/www.dornschild.com\/en\/shop\/mens-vest-sporty-modern-hood-cream-white-blue-hw23-w2-4k\/#breadcrumb","itemListElement":[{"@type":"ListItem","position":1,"name":"Startseite","item":"https:\/\/www.dornschild.com\/en\/"},{"@type":"ListItem","position":2,"name":"Dornschild Online Shop","item":"https:\/\/www.dornschild.com\/shop\/"},{"@type":"ListItem","position":3,"name":"Men\u00b4s vest AW23 W2-4K"}]},{"@type":"WebSite","@id":"https:\/\/www.dornschild.com\/en\/#website","url":"https:\/\/www.dornschild.com\/en\/","name":"Dornschild - Unique premium men&#039;s vests","description":"Premium Herrenwesten | Handgefertigt in Europa","publisher":{"@id":"https:\/\/www.dornschild.com\/en\/#organization"},"potentialAction":[{"@type":"SearchAction","target":{"@type":"EntryPoint","urlTemplate":"https:\/\/www.dornschild.com\/en\/?s={search_term_string}"},"query-input":{"@type":"PropertyValueSpecification","valueRequired":true,"valueName":"search_term_string"}}],"inLanguage":"en-US"},{"@type":"Organization","@id":"https:\/\/www.dornschild.com\/en\/#organization","name":"DORNSCHILD","url":"https:\/\/www.dornschild.com\/en\/","logo":{"@type":"ImageObject","inLanguage":"en-US","@id":"https:\/\/www.dornschild.com\/en\/#\/schema\/logo\/image\/","url":"https:\/\/www.dornschild.com\/wp-content\/uploads\/2024\/10\/Dornschild-Logo.png","contentUrl":"https:\/\/www.dornschild.com\/wp-content\/uploads\/2024\/10\/Dornschild-Logo.png","width":1000,"height":1000,"caption":"DORNSCHILD"},"image":{"@id":"https:\/\/www.dornschild.com\/en\/#\/schema\/logo\/image\/"},"sameAs":["https:\/\/www.facebook.com\/Dornschild","https:\/\/www.instagram.com\/dornschild\/","https:\/\/www.pinterest.de\/dornschild\/"]}]}},"_links":{"self":[{"href":"https:\/\/www.dornschild.com\/en\/wp-json\/wp\/v2\/product\/33148","targetHints":{"allow":["GET"]}}],"collection":[{"href":"https:\/\/www.dornschild.com\/en\/wp-json\/wp\/v2\/product"}],"about":[{"href":"https:\/\/www.dornschild.com\/en\/wp-json\/wp\/v2\/types\/product"}],"wp:featuredmedia":[{"embeddable":true,"href":"https:\/\/www.dornschild.com\/en\/wp-json\/wp\/v2\/media\/33478"}],"wp:attachment":[{"href":"https:\/\/www.dornschild.com\/en\/wp-json\/wp\/v2\/media?parent=33148"}],"wp:term":[{"taxonomy":"product_brand","embeddable":true,"href":"https:\/\/www.dornschild.com\/en\/wp-json\/wp\/v2\/product_brand?post=33148"},{"taxonomy":"product_cat","embeddable":true,"href":"https:\/\/www.dornschild.com\/en\/wp-json\/wp\/v2\/product_cat?post=33148"},{"taxonomy":"product_tag","embeddable":true,"href":"https:\/\/www.dornschild.com\/en\/wp-json\/wp\/v2\/product_tag?post=33148"}],"curies":[{"name":"wp","href":"https:\/\/api.w.org\/{rel}","templated":true}]}}