{"id":42174,"date":"2025-02-27T10:08:14","date_gmt":"2025-02-27T09:08:14","guid":{"rendered":"https:\/\/www.dornschild.com\/?page_id=42174"},"modified":"2026-04-10T16:42:12","modified_gmt":"2026-04-10T14:42:12","slug":"wedding-waistcoat-men-waistcoats-vests-gilets-wedding","status":"publish","type":"page","link":"https:\/\/www.dornschild.com\/en\/wedding-waistcoat-men-waistcoats-vests-gilets-wedding\/","title":{"rendered":"Weddings"},"content":{"rendered":"","protected":false},"excerpt":{"rendered":"","protected":false},"author":317,"featured_media":42493,"parent":0,"menu_order":4,"comment_status":"closed","ping_status":"closed","template":"","meta":{"_acf_changed":false,"footnotes":""},"class_list":["post-42174","page","type-page","status-publish","has-post-thumbnail","hentry"],"acf":[],"yoast_head":"<!-- This site is optimized with the Yoast SEO Premium plugin v27.2 (Yoast SEO v27.3) - https:\/\/yoast.com\/product\/yoast-seo-premium-wordpress\/ -->\n<title>DORNSCHILD Wedding Waistcoat for Men \u2013 Marry in Style!<\/title>\n<meta name=\"description\" content=\"The perfect men\u2019s wedding waistcoat \u2013 by DORNSCHILD. Elegant, modern &amp; sustainable. \u2714 For groom &amp; guests \u2714 Fine fabrics \u2714 Made in Europe\" \/>\n<meta name=\"robots\" content=\"index, follow, max-snippet:-1, max-image-preview:large, max-video-preview:-1\" \/>\n<link rel=\"canonical\" href=\"https:\/\/www.dornschild.com\/en\/wedding-waistcoat-men-waistcoats-vests-gilets-wedding\/\" \/>\n<meta property=\"og:locale\" content=\"en_US\" \/>\n<meta property=\"og:type\" content=\"article\" \/>\n<meta property=\"og:title\" content=\"Weddings\" \/>\n<meta property=\"og:url\" content=\"https:\/\/www.dornschild.com\/en\/wedding-waistcoat-men-waistcoats-vests-gilets-wedding\/\" \/>\n<meta property=\"og:site_name\" content=\"Dornschild - Unique premium men&#039;s vests\" \/>\n<meta property=\"article:publisher\" content=\"https:\/\/www.facebook.com\/Dornschild\" \/>\n<meta property=\"article:modified_time\" content=\"2026-04-10T14:42:12+00:00\" \/>\n<meta property=\"og:image\" content=\"https:\/\/www.dornschild.com\/wp-content\/uploads\/2025\/03\/Dornschild-Hochzeit-Westen-Gilets-Hochzeitsweste-Herren-Braeutigam-Trauzeuge-1.jpg\" \/>\n\t<meta property=\"og:image:width\" content=\"704\" \/>\n\t<meta property=\"og:image:height\" content=\"1000\" \/>\n\t<meta property=\"og:image:type\" content=\"image\/jpeg\" \/>\n<meta name=\"twitter:card\" content=\"summary_large_image\" \/>\n<meta name=\"twitter:label1\" content=\"Est. reading time\" \/>\n\t<meta name=\"twitter:data1\" content=\"10 minutes\" \/>\n<script type=\"application\/ld+json\" class=\"yoast-schema-graph\">{\"@context\":\"https:\\\/\\\/schema.org\",\"@graph\":[{\"@type\":\"WebPage\",\"@id\":\"https:\\\/\\\/www.dornschild.com\\\/en\\\/wedding-waistcoat-men-waistcoats-vests-gilets-wedding\\\/\",\"url\":\"https:\\\/\\\/www.dornschild.com\\\/en\\\/wedding-waistcoat-men-waistcoats-vests-gilets-wedding\\\/\",\"name\":\"DORNSCHILD Wedding Waistcoat for Men \u2013 Marry in Style!\",\"isPartOf\":{\"@id\":\"https:\\\/\\\/www.dornschild.com\\\/en\\\/#website\"},\"primaryImageOfPage\":{\"@id\":\"https:\\\/\\\/www.dornschild.com\\\/en\\\/wedding-waistcoat-men-waistcoats-vests-gilets-wedding\\\/#primaryimage\"},\"image\":{\"@id\":\"https:\\\/\\\/www.dornschild.com\\\/en\\\/wedding-waistcoat-men-waistcoats-vests-gilets-wedding\\\/#primaryimage\"},\"thumbnailUrl\":\"https:\\\/\\\/www.dornschild.com\\\/wp-content\\\/uploads\\\/2025\\\/03\\\/Dornschild-Hochzeit-Westen-Gilets-Hochzeitsweste-Herren-Braeutigam-Trauzeuge-1.jpg\",\"datePublished\":\"2025-02-27T09:08:14+00:00\",\"dateModified\":\"2026-04-10T14:42:12+00:00\",\"description\":\"The perfect men\u2019s wedding waistcoat \u2013 by DORNSCHILD. Elegant, modern & sustainable. \u2714 For groom & guests \u2714 Fine fabrics \u2714 Made in Europe\",\"breadcrumb\":{\"@id\":\"https:\\\/\\\/www.dornschild.com\\\/en\\\/wedding-waistcoat-men-waistcoats-vests-gilets-wedding\\\/#breadcrumb\"},\"inLanguage\":\"en-US\",\"potentialAction\":[{\"@type\":\"ReadAction\",\"target\":[\"https:\\\/\\\/www.dornschild.com\\\/en\\\/wedding-waistcoat-men-waistcoats-vests-gilets-wedding\\\/\"]}]},{\"@type\":\"ImageObject\",\"inLanguage\":\"en-US\",\"@id\":\"https:\\\/\\\/www.dornschild.com\\\/en\\\/wedding-waistcoat-men-waistcoats-vests-gilets-wedding\\\/#primaryimage\",\"url\":\"https:\\\/\\\/www.dornschild.com\\\/wp-content\\\/uploads\\\/2025\\\/03\\\/Dornschild-Hochzeit-Westen-Gilets-Hochzeitsweste-Herren-Braeutigam-Trauzeuge-1.jpg\",\"contentUrl\":\"https:\\\/\\\/www.dornschild.com\\\/wp-content\\\/uploads\\\/2025\\\/03\\\/Dornschild-Hochzeit-Westen-Gilets-Hochzeitsweste-Herren-Braeutigam-Trauzeuge-1.jpg\",\"width\":704,\"height\":1000,\"caption\":\"Hochwertige Hochzeitsweste (Gilet) f\u00fcr Herren \u2013 stilvoller Look f\u00fcr Br\u00e4utigam, Trauzeuge oder Gast. Edle DORNSCHILD Herrenweste aus feinsten Stoffen mit durchgehendem Oberstoff-R\u00fccken, ideal f\u00fcr moderne Hochzeiten mit Charakter. Die perfekte Weste f\u00fcr den Br\u00e4utigam \u2013 elegant, vielseitig, unvergesslich.\"},{\"@type\":\"BreadcrumbList\",\"@id\":\"https:\\\/\\\/www.dornschild.com\\\/en\\\/wedding-waistcoat-men-waistcoats-vests-gilets-wedding\\\/#breadcrumb\",\"itemListElement\":[{\"@type\":\"ListItem\",\"position\":1,\"name\":\"Startseite\",\"item\":\"https:\\\/\\\/www.dornschild.com\\\/en\\\/\"},{\"@type\":\"ListItem\",\"position\":2,\"name\":\"Weddings\"}]},{\"@type\":\"WebSite\",\"@id\":\"https:\\\/\\\/www.dornschild.com\\\/en\\\/#website\",\"url\":\"https:\\\/\\\/www.dornschild.com\\\/en\\\/\",\"name\":\"Dornschild - Unique premium men&#039;s vests\",\"description\":\"Premium Herrenwesten | Handgefertigt in Europa\",\"publisher\":{\"@id\":\"https:\\\/\\\/www.dornschild.com\\\/en\\\/#organization\"},\"potentialAction\":[{\"@type\":\"SearchAction\",\"target\":{\"@type\":\"EntryPoint\",\"urlTemplate\":\"https:\\\/\\\/www.dornschild.com\\\/en\\\/?s={search_term_string}\"},\"query-input\":{\"@type\":\"PropertyValueSpecification\",\"valueRequired\":true,\"valueName\":\"search_term_string\"}}],\"inLanguage\":\"en-US\"},{\"@type\":\"Organization\",\"@id\":\"https:\\\/\\\/www.dornschild.com\\\/en\\\/#organization\",\"name\":\"DORNSCHILD\",\"url\":\"https:\\\/\\\/www.dornschild.com\\\/en\\\/\",\"logo\":{\"@type\":\"ImageObject\",\"inLanguage\":\"en-US\",\"@id\":\"https:\\\/\\\/www.dornschild.com\\\/en\\\/#\\\/schema\\\/logo\\\/image\\\/\",\"url\":\"https:\\\/\\\/www.dornschild.com\\\/wp-content\\\/uploads\\\/2024\\\/10\\\/Dornschild-Logo.png\",\"contentUrl\":\"https:\\\/\\\/www.dornschild.com\\\/wp-content\\\/uploads\\\/2024\\\/10\\\/Dornschild-Logo.png\",\"width\":1000,\"height\":1000,\"caption\":\"DORNSCHILD\"},\"image\":{\"@id\":\"https:\\\/\\\/www.dornschild.com\\\/en\\\/#\\\/schema\\\/logo\\\/image\\\/\"},\"sameAs\":[\"https:\\\/\\\/www.facebook.com\\\/Dornschild\",\"https:\\\/\\\/www.instagram.com\\\/dornschild\\\/\",\"https:\\\/\\\/www.pinterest.de\\\/dornschild\\\/\"]}]}<\/script>\n<!-- \/ Yoast SEO Premium plugin. -->","yoast_head_json":{"title":"DORNSCHILD Wedding Waistcoat for Men \u2013 Marry in Style!","description":"The perfect men\u2019s wedding waistcoat \u2013 by DORNSCHILD. Elegant, modern & sustainable. \u2714 For groom & guests \u2714 Fine fabrics \u2714 Made in Europe","robots":{"index":"index","follow":"follow","max-snippet":"max-snippet:-1","max-image-preview":"max-image-preview:large","max-video-preview":"max-video-preview:-1"},"canonical":"https:\/\/www.dornschild.com\/en\/wedding-waistcoat-men-waistcoats-vests-gilets-wedding\/","og_locale":"en_US","og_type":"article","og_title":"Weddings","og_url":"https:\/\/www.dornschild.com\/en\/wedding-waistcoat-men-waistcoats-vests-gilets-wedding\/","og_site_name":"Dornschild - Unique premium men&#039;s vests","article_publisher":"https:\/\/www.facebook.com\/Dornschild","article_modified_time":"2026-04-10T14:42:12+00:00","og_image":[{"width":704,"height":1000,"url":"https:\/\/www.dornschild.com\/wp-content\/uploads\/2025\/03\/Dornschild-Hochzeit-Westen-Gilets-Hochzeitsweste-Herren-Braeutigam-Trauzeuge-1.jpg","type":"image\/jpeg"}],"twitter_card":"summary_large_image","twitter_misc":{"Est. reading time":"10 minutes"},"schema":{"@context":"https:\/\/schema.org","@graph":[{"@type":"WebPage","@id":"https:\/\/www.dornschild.com\/en\/wedding-waistcoat-men-waistcoats-vests-gilets-wedding\/","url":"https:\/\/www.dornschild.com\/en\/wedding-waistcoat-men-waistcoats-vests-gilets-wedding\/","name":"DORNSCHILD Wedding Waistcoat for Men \u2013 Marry in Style!","isPartOf":{"@id":"https:\/\/www.dornschild.com\/en\/#website"},"primaryImageOfPage":{"@id":"https:\/\/www.dornschild.com\/en\/wedding-waistcoat-men-waistcoats-vests-gilets-wedding\/#primaryimage"},"image":{"@id":"https:\/\/www.dornschild.com\/en\/wedding-waistcoat-men-waistcoats-vests-gilets-wedding\/#primaryimage"},"thumbnailUrl":"https:\/\/www.dornschild.com\/wp-content\/uploads\/2025\/03\/Dornschild-Hochzeit-Westen-Gilets-Hochzeitsweste-Herren-Braeutigam-Trauzeuge-1.jpg","datePublished":"2025-02-27T09:08:14+00:00","dateModified":"2026-04-10T14:42:12+00:00","description":"The perfect men\u2019s wedding waistcoat \u2013 by DORNSCHILD. Elegant, modern & sustainable. \u2714 For groom & guests \u2714 Fine fabrics \u2714 Made in Europe","breadcrumb":{"@id":"https:\/\/www.dornschild.com\/en\/wedding-waistcoat-men-waistcoats-vests-gilets-wedding\/#breadcrumb"},"inLanguage":"en-US","potentialAction":[{"@type":"ReadAction","target":["https:\/\/www.dornschild.com\/en\/wedding-waistcoat-men-waistcoats-vests-gilets-wedding\/"]}]},{"@type":"ImageObject","inLanguage":"en-US","@id":"https:\/\/www.dornschild.com\/en\/wedding-waistcoat-men-waistcoats-vests-gilets-wedding\/#primaryimage","url":"https:\/\/www.dornschild.com\/wp-content\/uploads\/2025\/03\/Dornschild-Hochzeit-Westen-Gilets-Hochzeitsweste-Herren-Braeutigam-Trauzeuge-1.jpg","contentUrl":"https:\/\/www.dornschild.com\/wp-content\/uploads\/2025\/03\/Dornschild-Hochzeit-Westen-Gilets-Hochzeitsweste-Herren-Braeutigam-Trauzeuge-1.jpg","width":704,"height":1000,"caption":"Hochwertige Hochzeitsweste (Gilet) f\u00fcr Herren \u2013 stilvoller Look f\u00fcr Br\u00e4utigam, Trauzeuge oder Gast. Edle DORNSCHILD Herrenweste aus feinsten Stoffen mit durchgehendem Oberstoff-R\u00fccken, ideal f\u00fcr moderne Hochzeiten mit Charakter. Die perfekte Weste f\u00fcr den Br\u00e4utigam \u2013 elegant, vielseitig, unvergesslich."},{"@type":"BreadcrumbList","@id":"https:\/\/www.dornschild.com\/en\/wedding-waistcoat-men-waistcoats-vests-gilets-wedding\/#breadcrumb","itemListElement":[{"@type":"ListItem","position":1,"name":"Startseite","item":"https:\/\/www.dornschild.com\/en\/"},{"@type":"ListItem","position":2,"name":"Weddings"}]},{"@type":"WebSite","@id":"https:\/\/www.dornschild.com\/en\/#website","url":"https:\/\/www.dornschild.com\/en\/","name":"Dornschild - Unique premium men&#039;s vests","description":"Premium Herrenwesten | Handgefertigt in Europa","publisher":{"@id":"https:\/\/www.dornschild.com\/en\/#organization"},"potentialAction":[{"@type":"SearchAction","target":{"@type":"EntryPoint","urlTemplate":"https:\/\/www.dornschild.com\/en\/?s={search_term_string}"},"query-input":{"@type":"PropertyValueSpecification","valueRequired":true,"valueName":"search_term_string"}}],"inLanguage":"en-US"},{"@type":"Organization","@id":"https:\/\/www.dornschild.com\/en\/#organization","name":"DORNSCHILD","url":"https:\/\/www.dornschild.com\/en\/","logo":{"@type":"ImageObject","inLanguage":"en-US","@id":"https:\/\/www.dornschild.com\/en\/#\/schema\/logo\/image\/","url":"https:\/\/www.dornschild.com\/wp-content\/uploads\/2024\/10\/Dornschild-Logo.png","contentUrl":"https:\/\/www.dornschild.com\/wp-content\/uploads\/2024\/10\/Dornschild-Logo.png","width":1000,"height":1000,"caption":"DORNSCHILD"},"image":{"@id":"https:\/\/www.dornschild.com\/en\/#\/schema\/logo\/image\/"},"sameAs":["https:\/\/www.facebook.com\/Dornschild","https:\/\/www.instagram.com\/dornschild\/","https:\/\/www.pinterest.de\/dornschild\/"]}]}},"_links":{"self":[{"href":"https:\/\/www.dornschild.com\/en\/wp-json\/wp\/v2\/pages\/42174","targetHints":{"allow":["GET"]}}],"collection":[{"href":"https:\/\/www.dornschild.com\/en\/wp-json\/wp\/v2\/pages"}],"about":[{"href":"https:\/\/www.dornschild.com\/en\/wp-json\/wp\/v2\/types\/page"}],"author":[{"embeddable":true,"href":"https:\/\/www.dornschild.com\/en\/wp-json\/wp\/v2\/users\/317"}],"replies":[{"embeddable":true,"href":"https:\/\/www.dornschild.com\/en\/wp-json\/wp\/v2\/comments?post=42174"}],"version-history":[{"count":14,"href":"https:\/\/www.dornschild.com\/en\/wp-json\/wp\/v2\/pages\/42174\/revisions"}],"predecessor-version":[{"id":48066,"href":"https:\/\/www.dornschild.com\/en\/wp-json\/wp\/v2\/pages\/42174\/revisions\/48066"}],"wp:featuredmedia":[{"embeddable":true,"href":"https:\/\/www.dornschild.com\/en\/wp-json\/wp\/v2\/media\/42493"}],"wp:attachment":[{"href":"https:\/\/www.dornschild.com\/en\/wp-json\/wp\/v2\/media?parent=42174"}],"curies":[{"name":"wp","href":"https:\/\/api.w.org\/{rel}","templated":true}]}}